{"id":1591,"date":"2020-07-06T17:41:30","date_gmt":"2020-07-06T15:41:30","guid":{"rendered":"http:\/\/janhbos.com\/instagram\/"},"modified":"2020-10-04T18:52:11","modified_gmt":"2020-10-04T16:52:11","slug":"instagram","status":"publish","type":"page","link":"https:\/\/janhbos.com\/es\/instagram\/","title":{"rendered":"INSTAGRAM"},"content":{"rendered":"\t\t<div data-elementor-type=\"wp-page\" data-elementor-id=\"1591\" class=\"elementor elementor-1591 elementor-1376\">\n\t\t\t\t\t\t<section class=\"penci-section penci-disSticky penci-structure-10 elementor-section elementor-top-section elementor-element elementor-element-5bc1ce0 elementor-section-boxed elementor-section-height-default elementor-section-height-default\" data-id=\"5bc1ce0\" data-element_type=\"section\" data-e-type=\"section\">\n\t\t\t\t\t\t<div class=\"elementor-container elementor-column-gap-default\">\n\t\t\t\t\t<div class=\"penci-ercol-100 penci-ercol-order-1 penci-sticky-ct    elementor-column elementor-col-100 elementor-top-column elementor-element elementor-element-ed0bee4\" data-id=\"ed0bee4\" data-element_type=\"column\" data-e-type=\"column\">\n\t\t\t<div class=\"elementor-widget-wrap elementor-element-populated\">\n\t\t\t\t\t\t<div class=\"elementor-element elementor-element-ef7290b elementor-widget elementor-widget-spacer\" data-id=\"ef7290b\" data-element_type=\"widget\" data-e-type=\"widget\" data-widget_type=\"spacer.default\">\n\t\t\t\t<div class=\"elementor-widget-container\">\n\t\t\t\t\t\t\t<div class=\"elementor-spacer\">\n\t\t\t<div class=\"elementor-spacer-inner\"><\/div>\n\t\t<\/div>\n\t\t\t\t\t\t<\/div>\n\t\t\t\t<\/div>\n\t\t\t\t\t<\/div>\n\t\t<\/div>\n\t\t\t\t\t<\/div>\n\t\t<\/section>\n\t\t\t\t<section class=\"penci-section penci-disSticky penci-structure-10 elementor-section elementor-top-section elementor-element elementor-element-ccf75c6 elementor-section-boxed elementor-section-height-default elementor-section-height-default\" data-id=\"ccf75c6\" data-element_type=\"section\" data-e-type=\"section\">\n\t\t\t\t\t\t<div class=\"elementor-container elementor-column-gap-default\">\n\t\t\t\t\t<div class=\"penci-ercol-100 penci-ercol-order-1 penci-sticky-ct    elementor-column elementor-col-100 elementor-top-column elementor-element elementor-element-afb881c\" data-id=\"afb881c\" data-element_type=\"column\" data-e-type=\"column\">\n\t\t\t<div class=\"elementor-widget-wrap elementor-element-populated\">\n\t\t\t\t\t\t<div class=\"elementor-element elementor-element-640a460 elementor-widget elementor-widget-image\" data-id=\"640a460\" data-element_type=\"widget\" data-e-type=\"widget\" data-widget_type=\"image.default\">\n\t\t\t\t<div class=\"elementor-widget-container\">\n\t\t\t\t\t\t\t\t\t\t\t\t\t\t\t<img fetchpriority=\"high\" decoding=\"async\" width=\"300\" height=\"235\" src=\"https:\/\/janhbos.com\/wp-content\/uploads\/2020\/05\/janhbos-beach-cancun-mexico-travel-1-300x235.jpeg\" class=\"attachment-medium size-medium wp-image-1836\" alt=\"\" srcset=\"https:\/\/janhbos.com\/wp-content\/uploads\/2020\/05\/janhbos-beach-cancun-mexico-travel-1-300x235.jpeg 300w, https:\/\/janhbos.com\/wp-content\/uploads\/2020\/05\/janhbos-beach-cancun-mexico-travel-1-1024x801.jpeg 1024w, https:\/\/janhbos.com\/wp-content\/uploads\/2020\/05\/janhbos-beach-cancun-mexico-travel-1-768x601.jpeg 768w, https:\/\/janhbos.com\/wp-content\/uploads\/2020\/05\/janhbos-beach-cancun-mexico-travel-1-1536x1202.jpeg 1536w, https:\/\/janhbos.com\/wp-content\/uploads\/2020\/05\/janhbos-beach-cancun-mexico-travel-1-2048x1603.jpeg 2048w\" sizes=\"(max-width: 300px) 100vw, 300px\" \/>\t\t\t\t\t\t\t\t\t\t\t\t\t\t\t<\/div>\n\t\t\t\t<\/div>\n\t\t\t\t\t<\/div>\n\t\t<\/div>\n\t\t\t\t\t<\/div>\n\t\t<\/section>\n\t\t\t\t<section class=\"penci-section penci-disSticky penci-structure-10 elementor-section elementor-top-section elementor-element elementor-element-7e2231b elementor-section-boxed elementor-section-height-default elementor-section-height-default\" data-id=\"7e2231b\" data-element_type=\"section\" data-e-type=\"section\">\n\t\t\t\t\t\t<div class=\"elementor-container elementor-column-gap-default\">\n\t\t\t\t\t<div class=\"penci-ercol-100 penci-ercol-order-1 penci-sticky-ct    elementor-column elementor-col-100 elementor-top-column elementor-element elementor-element-87d27e3\" data-id=\"87d27e3\" data-element_type=\"column\" data-e-type=\"column\">\n\t\t\t<div class=\"elementor-widget-wrap elementor-element-populated\">\n\t\t\t\t\t\t<div class=\"elementor-element elementor-element-809628f elementor-widget elementor-widget-text-editor\" data-id=\"809628f\" data-element_type=\"widget\" data-e-type=\"widget\" data-widget_type=\"text-editor.default\">\n\t\t\t\t<div class=\"elementor-widget-container\">\n\t\t\t\t\t\t\t\t\t<p>@janbos996<\/p>\n\t\t\t\t\t\t\t\t<\/div>\n\t\t\t\t<\/div>\n\t\t\t\t\t<\/div>\n\t\t<\/div>\n\t\t\t\t\t<\/div>\n\t\t<\/section>\n\t\t\t\t<section class=\"penci-section penci-disSticky penci-structure-10 elementor-section elementor-top-section elementor-element elementor-element-b946697 elementor-section-boxed elementor-section-height-default elementor-section-height-default\" data-id=\"b946697\" data-element_type=\"section\" data-e-type=\"section\">\n\t\t\t\t\t\t<div class=\"elementor-container elementor-column-gap-default\">\n\t\t\t\t\t<div class=\"penci-ercol-100 penci-ercol-order-1 penci-sticky-ct    elementor-column elementor-col-100 elementor-top-column elementor-element elementor-element-d61525d\" data-id=\"d61525d\" data-element_type=\"column\" data-e-type=\"column\">\n\t\t\t<div class=\"elementor-widget-wrap elementor-element-populated\">\n\t\t\t\t\t\t<div class=\"elementor-element elementor-element-088f14c elementor-widget elementor-widget-text-editor\" data-id=\"088f14c\" data-element_type=\"widget\" data-e-type=\"widget\" data-widget_type=\"text-editor.default\">\n\t\t\t\t<div class=\"elementor-widget-container\">\n\t\t\t\t\t\t\t\t\t<p id=\"tw-target-text\" class=\"tw-data-text tw-text-large XcVN5d tw-ta\" dir=\"ltr\" data-placeholder=\"Vertaling\"><span lang=\"es\">Es bueno que hayas venido aqu\u00ed a trav\u00e9s de Instagram. Elija un enlace abajo o disfruta visitar <a href=\"http:\/\/janhbos.com\/es\/\">mi sitio web<\/a>.<\/span><\/p>\n\t\t\t\t\t\t\t\t<\/div>\n\t\t\t\t<\/div>\n\t\t\t\t\t<\/div>\n\t\t<\/div>\n\t\t\t\t\t<\/div>\n\t\t<\/section>\n\t\t\t\t<section class=\"penci-section penci-disSticky penci-structure-10 elementor-section elementor-top-section elementor-element elementor-element-e9bfbc6 elementor-section-boxed elementor-section-height-default elementor-section-height-default\" data-id=\"e9bfbc6\" data-element_type=\"section\" data-e-type=\"section\">\n\t\t\t\t\t\t<div class=\"elementor-container elementor-column-gap-default\">\n\t\t\t\t\t<div class=\"penci-ercol-100 penci-ercol-order-1 penci-sticky-ct    elementor-column elementor-col-100 elementor-top-column elementor-element elementor-element-b88f62b\" data-id=\"b88f62b\" data-element_type=\"column\" data-e-type=\"column\">\n\t\t\t<div class=\"elementor-widget-wrap elementor-element-populated\">\n\t\t\t\t\t\t<div class=\"elementor-element elementor-element-62c7d86 elementor-align-center elementor-mobile-align-center elementor-widget elementor-widget-button\" data-id=\"62c7d86\" data-element_type=\"widget\" data-e-type=\"widget\" data-widget_type=\"button.default\">\n\t\t\t\t<div class=\"elementor-widget-container\">\n\t\t\t\t\t\t\t\t\t<div class=\"elementor-button-wrapper\">\n\t\t\t\t\t<a class=\"elementor-button elementor-button-link elementor-size-lg\" href=\"http:\/\/janhbos.com\/es\/tour-por-el-mont-blanc\/\">\n\t\t\t\t\t\t<span class=\"elementor-button-content-wrapper\">\n\t\t\t\t\t\t\t\t\t<span class=\"elementor-button-text\">Una Vuelta por el Mont-Blanc<\/span>\n\t\t\t\t\t<\/span>\n\t\t\t\t\t<\/a>\n\t\t\t\t<\/div>\n\t\t\t\t\t\t\t\t<\/div>\n\t\t\t\t<\/div>\n\t\t\t\t\t<\/div>\n\t\t<\/div>\n\t\t\t\t\t<\/div>\n\t\t<\/section>\n\t\t\t\t<section class=\"penci-section penci-disSticky penci-structure-10 elementor-section elementor-top-section elementor-element elementor-element-e6aff4b elementor-section-boxed elementor-section-height-default elementor-section-height-default\" data-id=\"e6aff4b\" data-element_type=\"section\" data-e-type=\"section\">\n\t\t\t\t\t\t<div class=\"elementor-container elementor-column-gap-default\">\n\t\t\t\t\t<div class=\"penci-ercol-100 penci-ercol-order-1 penci-sticky-ct    elementor-column elementor-col-100 elementor-top-column elementor-element elementor-element-ae1972e\" data-id=\"ae1972e\" data-element_type=\"column\" data-e-type=\"column\">\n\t\t\t<div class=\"elementor-widget-wrap elementor-element-populated\">\n\t\t\t\t\t\t<div class=\"elementor-element elementor-element-317a9ef elementor-align-center elementor-mobile-align-center elementor-widget elementor-widget-button\" data-id=\"317a9ef\" data-element_type=\"widget\" data-e-type=\"widget\" data-widget_type=\"button.default\">\n\t\t\t\t<div class=\"elementor-widget-container\">\n\t\t\t\t\t\t\t\t\t<div class=\"elementor-button-wrapper\">\n\t\t\t\t\t<a class=\"elementor-button elementor-button-link elementor-size-lg\" href=\"http:\/\/janhbos.com\/es\/venecia-en-tiempos-de-corona\/\">\n\t\t\t\t\t\t<span class=\"elementor-button-content-wrapper\">\n\t\t\t\t\t\t\t\t\t<span class=\"elementor-button-text\"> Venecia en tiempos de Covid<\/span>\n\t\t\t\t\t<\/span>\n\t\t\t\t\t<\/a>\n\t\t\t\t<\/div>\n\t\t\t\t\t\t\t\t<\/div>\n\t\t\t\t<\/div>\n\t\t\t\t\t<\/div>\n\t\t<\/div>\n\t\t\t\t\t<\/div>\n\t\t<\/section>\n\t\t\t\t<section class=\"penci-section penci-disSticky penci-structure-10 elementor-section elementor-top-section elementor-element elementor-element-e3e7df4 elementor-section-boxed elementor-section-height-default elementor-section-height-default\" data-id=\"e3e7df4\" data-element_type=\"section\" data-e-type=\"section\">\n\t\t\t\t\t\t<div class=\"elementor-container elementor-column-gap-default\">\n\t\t\t\t\t<div class=\"penci-ercol-100 penci-ercol-order-1 penci-sticky-ct    elementor-column elementor-col-100 elementor-top-column elementor-element elementor-element-ebe76c6\" data-id=\"ebe76c6\" data-element_type=\"column\" data-e-type=\"column\">\n\t\t\t<div class=\"elementor-widget-wrap elementor-element-populated\">\n\t\t\t\t\t\t<div class=\"elementor-element elementor-element-45374c9 elementor-align-center elementor-mobile-align-center elementor-widget elementor-widget-button\" data-id=\"45374c9\" data-element_type=\"widget\" data-e-type=\"widget\" data-widget_type=\"button.default\">\n\t\t\t\t<div class=\"elementor-widget-container\">\n\t\t\t\t\t\t\t\t\t<div class=\"elementor-button-wrapper\">\n\t\t\t\t\t<a class=\"elementor-button elementor-button-link elementor-size-lg\" href=\"http:\/\/janhbos.com\/es\/como-aprender-a-conducir-mejor-una-moto\/\">\n\t\t\t\t\t\t<span class=\"elementor-button-content-wrapper\">\n\t\t\t\t\t\t\t\t\t<span class=\"elementor-button-text\">C\u00f3mo se aprende a conducir mejor<\/span>\n\t\t\t\t\t<\/span>\n\t\t\t\t\t<\/a>\n\t\t\t\t<\/div>\n\t\t\t\t\t\t\t\t<\/div>\n\t\t\t\t<\/div>\n\t\t\t\t\t<\/div>\n\t\t<\/div>\n\t\t\t\t\t<\/div>\n\t\t<\/section>\n\t\t\t\t<section class=\"penci-section penci-disSticky penci-structure-10 elementor-section elementor-top-section elementor-element elementor-element-40de65d elementor-section-boxed elementor-section-height-default elementor-section-height-default\" data-id=\"40de65d\" data-element_type=\"section\" data-e-type=\"section\">\n\t\t\t\t\t\t<div class=\"elementor-container elementor-column-gap-default\">\n\t\t\t\t\t<div class=\"penci-ercol-100 penci-ercol-order-1 penci-sticky-ct    elementor-column elementor-col-100 elementor-top-column elementor-element elementor-element-2b61302\" data-id=\"2b61302\" data-element_type=\"column\" data-e-type=\"column\">\n\t\t\t<div class=\"elementor-widget-wrap elementor-element-populated\">\n\t\t\t\t\t\t<div class=\"elementor-element elementor-element-82d389d elementor-align-center elementor-mobile-align-center elementor-widget elementor-widget-button\" data-id=\"82d389d\" data-element_type=\"widget\" data-e-type=\"widget\" data-widget_type=\"button.default\">\n\t\t\t\t<div class=\"elementor-widget-container\">\n\t\t\t\t\t\t\t\t\t<div class=\"elementor-button-wrapper\">\n\t\t\t\t\t<a class=\"elementor-button elementor-button-link elementor-size-lg\" href=\"http:\/\/janhbos.com\/es\/san-pedro-de-atacama-en-chile\/\">\n\t\t\t\t\t\t<span class=\"elementor-button-content-wrapper\">\n\t\t\t\t\t\t\t\t\t<span class=\"elementor-button-text\">San Pedro de Atacama<\/span>\n\t\t\t\t\t<\/span>\n\t\t\t\t\t<\/a>\n\t\t\t\t<\/div>\n\t\t\t\t\t\t\t\t<\/div>\n\t\t\t\t<\/div>\n\t\t\t\t\t<\/div>\n\t\t<\/div>\n\t\t\t\t\t<\/div>\n\t\t<\/section>\n\t\t\t\t<section class=\"penci-section penci-disSticky penci-structure-10 elementor-section elementor-top-section elementor-element elementor-element-b6c4223 elementor-section-boxed elementor-section-height-default elementor-section-height-default\" data-id=\"b6c4223\" data-element_type=\"section\" data-e-type=\"section\">\n\t\t\t\t\t\t<div class=\"elementor-container elementor-column-gap-default\">\n\t\t\t\t\t<div class=\"penci-ercol-100 penci-ercol-order-1 penci-sticky-ct    elementor-column elementor-col-100 elementor-top-column elementor-element elementor-element-a73a107\" data-id=\"a73a107\" data-element_type=\"column\" data-e-type=\"column\">\n\t\t\t<div class=\"elementor-widget-wrap elementor-element-populated\">\n\t\t\t\t\t\t<div class=\"elementor-element elementor-element-39d9dc5 elementor-align-center elementor-mobile-align-center elementor-widget elementor-widget-button\" data-id=\"39d9dc5\" data-element_type=\"widget\" data-e-type=\"widget\" data-widget_type=\"button.default\">\n\t\t\t\t<div class=\"elementor-widget-container\">\n\t\t\t\t\t\t\t\t\t<div class=\"elementor-button-wrapper\">\n\t\t\t\t\t<a class=\"elementor-button elementor-button-link elementor-size-lg\" href=\"http:\/\/janhbos.com\/es\/quito-en-solo-4-dias\/\">\n\t\t\t\t\t\t<span class=\"elementor-button-content-wrapper\">\n\t\t\t\t\t\t\t\t\t<span class=\"elementor-button-text\">Quito en solo 4 d\u00edas<\/span>\n\t\t\t\t\t<\/span>\n\t\t\t\t\t<\/a>\n\t\t\t\t<\/div>\n\t\t\t\t\t\t\t\t<\/div>\n\t\t\t\t<\/div>\n\t\t\t\t\t<\/div>\n\t\t<\/div>\n\t\t\t\t\t<\/div>\n\t\t<\/section>\n\t\t\t\t<section class=\"penci-section penci-disSticky penci-structure-10 elementor-section elementor-top-section elementor-element elementor-element-164d287 elementor-section-boxed elementor-section-height-default elementor-section-height-default\" data-id=\"164d287\" data-element_type=\"section\" data-e-type=\"section\">\n\t\t\t\t\t\t<div class=\"elementor-container elementor-column-gap-default\">\n\t\t\t\t\t<div class=\"penci-ercol-100 penci-ercol-order-1 penci-sticky-ct    elementor-column elementor-col-100 elementor-top-column elementor-element elementor-element-24d8d24\" data-id=\"24d8d24\" data-element_type=\"column\" data-e-type=\"column\">\n\t\t\t<div class=\"elementor-widget-wrap elementor-element-populated\">\n\t\t\t\t\t\t<div class=\"elementor-element elementor-element-7d96be9 elementor-align-center elementor-mobile-align-center elementor-widget elementor-widget-button\" data-id=\"7d96be9\" data-element_type=\"widget\" data-e-type=\"widget\" data-widget_type=\"button.default\">\n\t\t\t\t<div class=\"elementor-widget-container\">\n\t\t\t\t\t\t\t\t\t<div class=\"elementor-button-wrapper\">\n\t\t\t\t\t<a class=\"elementor-button elementor-button-link elementor-size-lg\" href=\"http:\/\/janhbos.com\/es\/introduccion-al-planear\/\">\n\t\t\t\t\t\t<span class=\"elementor-button-content-wrapper\">\n\t\t\t\t\t\t\t\t\t<span class=\"elementor-button-text\">Introducci\u00f3n al planear<\/span>\n\t\t\t\t\t<\/span>\n\t\t\t\t\t<\/a>\n\t\t\t\t<\/div>\n\t\t\t\t\t\t\t\t<\/div>\n\t\t\t\t<\/div>\n\t\t\t\t\t<\/div>\n\t\t<\/div>\n\t\t\t\t\t<\/div>\n\t\t<\/section>\n\t\t\t\t<\/div>\n\t\t","protected":false},"excerpt":{"rendered":"<p>@janbos996 Es bueno que hayas venido aqu\u00ed a trav\u00e9s de Instagram. Elija un enlace abajo o disfruta visitar mi sitio web. Una Vuelta por el Mont-Blanc Venecia en tiempos de&hellip;<\/p>\n","protected":false},"author":2,"featured_media":0,"parent":0,"menu_order":0,"comment_status":"closed","ping_status":"closed","template":"","meta":{"_lmt_disableupdate":"","_lmt_disable":"","footnotes":""},"class_list":["post-1591","page","type-page","status-publish","hentry"],"yoast_head":"<!-- This site is optimized with the Yoast SEO plugin v27.3 - https:\/\/yoast.com\/product\/yoast-seo-wordpress\/ -->\n<title>INSTAGRAM - Aviaci\u00f3n | Motociclismo | Viajes<\/title>\n<meta name=\"robots\" content=\"index, follow, max-snippet:-1, max-image-preview:large, max-video-preview:-1\" \/>\n<link rel=\"canonical\" href=\"https:\/\/janhbos.com\/es\/instagram\/\" \/>\n<meta property=\"og:locale\" content=\"es_ES\" \/>\n<meta property=\"og:type\" content=\"article\" \/>\n<meta property=\"og:title\" content=\"INSTAGRAM - Aviaci\u00f3n | Motociclismo | Viajes\" \/>\n<meta property=\"og:description\" content=\"@janbos996 Es bueno que hayas venido aqu\u00ed a trav\u00e9s de Instagram. Elija un enlace abajo o disfruta visitar mi sitio web. Una Vuelta por el Mont-Blanc Venecia en tiempos de&hellip;\" \/>\n<meta property=\"og:url\" content=\"https:\/\/janhbos.com\/es\/instagram\/\" \/>\n<meta property=\"og:site_name\" content=\"Aviaci\u00f3n | Motociclismo | Viajes\" \/>\n<meta property=\"article:modified_time\" content=\"2020-10-04T16:52:11+00:00\" \/>\n<meta property=\"og:image\" content=\"http:\/\/janhbos.com\/wp-content\/uploads\/2020\/05\/janhbos-beach-cancun-mexico-travel-1-300x235.jpeg\" \/>\n<meta name=\"twitter:card\" content=\"summary_large_image\" \/>\n<script type=\"application\/ld+json\" class=\"yoast-schema-graph\">{\"@context\":\"https:\\\/\\\/schema.org\",\"@graph\":[{\"@type\":\"WebPage\",\"@id\":\"https:\\\/\\\/janhbos.com\\\/es\\\/instagram\\\/\",\"url\":\"https:\\\/\\\/janhbos.com\\\/es\\\/instagram\\\/\",\"name\":\"INSTAGRAM - Aviaci\u00f3n | Motociclismo | Viajes\",\"isPartOf\":{\"@id\":\"https:\\\/\\\/janhbos.com\\\/es\\\/#website\"},\"primaryImageOfPage\":{\"@id\":\"https:\\\/\\\/janhbos.com\\\/es\\\/instagram\\\/#primaryimage\"},\"image\":{\"@id\":\"https:\\\/\\\/janhbos.com\\\/es\\\/instagram\\\/#primaryimage\"},\"thumbnailUrl\":\"http:\\\/\\\/janhbos.com\\\/wp-content\\\/uploads\\\/2020\\\/05\\\/janhbos-beach-cancun-mexico-travel-1-300x235.jpeg\",\"datePublished\":\"2020-07-06T15:41:30+00:00\",\"dateModified\":\"2020-10-04T16:52:11+00:00\",\"breadcrumb\":{\"@id\":\"https:\\\/\\\/janhbos.com\\\/es\\\/instagram\\\/#breadcrumb\"},\"inLanguage\":\"es\",\"potentialAction\":[{\"@type\":\"ReadAction\",\"target\":[\"https:\\\/\\\/janhbos.com\\\/es\\\/instagram\\\/\"]}]},{\"@type\":\"ImageObject\",\"inLanguage\":\"es\",\"@id\":\"https:\\\/\\\/janhbos.com\\\/es\\\/instagram\\\/#primaryimage\",\"url\":\"http:\\\/\\\/janhbos.com\\\/wp-content\\\/uploads\\\/2020\\\/05\\\/janhbos-beach-cancun-mexico-travel-1-300x235.jpeg\",\"contentUrl\":\"http:\\\/\\\/janhbos.com\\\/wp-content\\\/uploads\\\/2020\\\/05\\\/janhbos-beach-cancun-mexico-travel-1-300x235.jpeg\"},{\"@type\":\"BreadcrumbList\",\"@id\":\"https:\\\/\\\/janhbos.com\\\/es\\\/instagram\\\/#breadcrumb\",\"itemListElement\":[{\"@type\":\"ListItem\",\"position\":1,\"name\":\"Home\",\"item\":\"https:\\\/\\\/janhbos.com\\\/es\\\/\"},{\"@type\":\"ListItem\",\"position\":2,\"name\":\"INSTAGRAM\"}]},{\"@type\":\"WebSite\",\"@id\":\"https:\\\/\\\/janhbos.com\\\/es\\\/#website\",\"url\":\"https:\\\/\\\/janhbos.com\\\/es\\\/\",\"name\":\"Vliegen | Motorrijden | Reizen\",\"description\":\"Ac\u00e1 encuentras informaci\u00f3n sobre mis pasiones aviaci\u00f3n, motociclismo y viajes\",\"publisher\":{\"@id\":\"https:\\\/\\\/janhbos.com\\\/es\\\/#\\\/schema\\\/person\\\/6cf9b88b72b671281fabada776b5f211\"},\"potentialAction\":[{\"@type\":\"SearchAction\",\"target\":{\"@type\":\"EntryPoint\",\"urlTemplate\":\"https:\\\/\\\/janhbos.com\\\/es\\\/?s={search_term_string}\"},\"query-input\":{\"@type\":\"PropertyValueSpecification\",\"valueRequired\":true,\"valueName\":\"search_term_string\"}}],\"inLanguage\":\"es\"},{\"@type\":[\"Person\",\"Organization\"],\"@id\":\"https:\\\/\\\/janhbos.com\\\/es\\\/#\\\/schema\\\/person\\\/6cf9b88b72b671281fabada776b5f211\",\"name\":\"Jan Bos\",\"image\":{\"@type\":\"ImageObject\",\"inLanguage\":\"es\",\"@id\":\"https:\\\/\\\/janhbos.com\\\/wp-content\\\/litespeed\\\/avatar\\\/e39997fecfa7e45dc072fd58300a472f.jpg?ver=1775552467\",\"url\":\"https:\\\/\\\/janhbos.com\\\/wp-content\\\/litespeed\\\/avatar\\\/e39997fecfa7e45dc072fd58300a472f.jpg?ver=1775552467\",\"contentUrl\":\"https:\\\/\\\/janhbos.com\\\/wp-content\\\/litespeed\\\/avatar\\\/e39997fecfa7e45dc072fd58300a472f.jpg?ver=1775552467\",\"caption\":\"Jan Bos\"},\"logo\":{\"@id\":\"https:\\\/\\\/janhbos.com\\\/wp-content\\\/litespeed\\\/avatar\\\/e39997fecfa7e45dc072fd58300a472f.jpg?ver=1775552467\"}}]}<\/script>\n<!-- \/ Yoast SEO plugin. -->","yoast_head_json":{"title":"INSTAGRAM - Aviaci\u00f3n | Motociclismo | Viajes","robots":{"index":"index","follow":"follow","max-snippet":"max-snippet:-1","max-image-preview":"max-image-preview:large","max-video-preview":"max-video-preview:-1"},"canonical":"https:\/\/janhbos.com\/es\/instagram\/","og_locale":"es_ES","og_type":"article","og_title":"INSTAGRAM - Aviaci\u00f3n | Motociclismo | Viajes","og_description":"@janbos996 Es bueno que hayas venido aqu\u00ed a trav\u00e9s de Instagram. Elija un enlace abajo o disfruta visitar mi sitio web. Una Vuelta por el Mont-Blanc Venecia en tiempos de&hellip;","og_url":"https:\/\/janhbos.com\/es\/instagram\/","og_site_name":"Aviaci\u00f3n | Motociclismo | Viajes","article_modified_time":"2020-10-04T16:52:11+00:00","og_image":[{"url":"http:\/\/janhbos.com\/wp-content\/uploads\/2020\/05\/janhbos-beach-cancun-mexico-travel-1-300x235.jpeg","type":"","width":"","height":""}],"twitter_card":"summary_large_image","schema":{"@context":"https:\/\/schema.org","@graph":[{"@type":"WebPage","@id":"https:\/\/janhbos.com\/es\/instagram\/","url":"https:\/\/janhbos.com\/es\/instagram\/","name":"INSTAGRAM - Aviaci\u00f3n | Motociclismo | Viajes","isPartOf":{"@id":"https:\/\/janhbos.com\/es\/#website"},"primaryImageOfPage":{"@id":"https:\/\/janhbos.com\/es\/instagram\/#primaryimage"},"image":{"@id":"https:\/\/janhbos.com\/es\/instagram\/#primaryimage"},"thumbnailUrl":"http:\/\/janhbos.com\/wp-content\/uploads\/2020\/05\/janhbos-beach-cancun-mexico-travel-1-300x235.jpeg","datePublished":"2020-07-06T15:41:30+00:00","dateModified":"2020-10-04T16:52:11+00:00","breadcrumb":{"@id":"https:\/\/janhbos.com\/es\/instagram\/#breadcrumb"},"inLanguage":"es","potentialAction":[{"@type":"ReadAction","target":["https:\/\/janhbos.com\/es\/instagram\/"]}]},{"@type":"ImageObject","inLanguage":"es","@id":"https:\/\/janhbos.com\/es\/instagram\/#primaryimage","url":"http:\/\/janhbos.com\/wp-content\/uploads\/2020\/05\/janhbos-beach-cancun-mexico-travel-1-300x235.jpeg","contentUrl":"http:\/\/janhbos.com\/wp-content\/uploads\/2020\/05\/janhbos-beach-cancun-mexico-travel-1-300x235.jpeg"},{"@type":"BreadcrumbList","@id":"https:\/\/janhbos.com\/es\/instagram\/#breadcrumb","itemListElement":[{"@type":"ListItem","position":1,"name":"Home","item":"https:\/\/janhbos.com\/es\/"},{"@type":"ListItem","position":2,"name":"INSTAGRAM"}]},{"@type":"WebSite","@id":"https:\/\/janhbos.com\/es\/#website","url":"https:\/\/janhbos.com\/es\/","name":"Vliegen | Motorrijden | Reizen","description":"Ac\u00e1 encuentras informaci\u00f3n sobre mis pasiones aviaci\u00f3n, motociclismo y viajes","publisher":{"@id":"https:\/\/janhbos.com\/es\/#\/schema\/person\/6cf9b88b72b671281fabada776b5f211"},"potentialAction":[{"@type":"SearchAction","target":{"@type":"EntryPoint","urlTemplate":"https:\/\/janhbos.com\/es\/?s={search_term_string}"},"query-input":{"@type":"PropertyValueSpecification","valueRequired":true,"valueName":"search_term_string"}}],"inLanguage":"es"},{"@type":["Person","Organization"],"@id":"https:\/\/janhbos.com\/es\/#\/schema\/person\/6cf9b88b72b671281fabada776b5f211","name":"Jan Bos","image":{"@type":"ImageObject","inLanguage":"es","@id":"https:\/\/janhbos.com\/wp-content\/litespeed\/avatar\/e39997fecfa7e45dc072fd58300a472f.jpg?ver=1775552467","url":"https:\/\/janhbos.com\/wp-content\/litespeed\/avatar\/e39997fecfa7e45dc072fd58300a472f.jpg?ver=1775552467","contentUrl":"https:\/\/janhbos.com\/wp-content\/litespeed\/avatar\/e39997fecfa7e45dc072fd58300a472f.jpg?ver=1775552467","caption":"Jan Bos"},"logo":{"@id":"https:\/\/janhbos.com\/wp-content\/litespeed\/avatar\/e39997fecfa7e45dc072fd58300a472f.jpg?ver=1775552467"}}]}},"_links":{"self":[{"href":"https:\/\/janhbos.com\/es\/wp-json\/wp\/v2\/pages\/1591","targetHints":{"allow":["GET"]}}],"collection":[{"href":"https:\/\/janhbos.com\/es\/wp-json\/wp\/v2\/pages"}],"about":[{"href":"https:\/\/janhbos.com\/es\/wp-json\/wp\/v2\/types\/page"}],"author":[{"embeddable":true,"href":"https:\/\/janhbos.com\/es\/wp-json\/wp\/v2\/users\/2"}],"replies":[{"embeddable":true,"href":"https:\/\/janhbos.com\/es\/wp-json\/wp\/v2\/comments?post=1591"}],"version-history":[{"count":0,"href":"https:\/\/janhbos.com\/es\/wp-json\/wp\/v2\/pages\/1591\/revisions"}],"wp:attachment":[{"href":"https:\/\/janhbos.com\/es\/wp-json\/wp\/v2\/media?parent=1591"}],"curies":[{"name":"wp","href":"https:\/\/api.w.org\/{rel}","templated":true}]}}