{"id":1653,"date":"2020-05-07T16:58:42","date_gmt":"2020-05-07T14:58:42","guid":{"rendered":"http:\/\/janhbos.com\/motociclismo\/"},"modified":"2022-04-03T16:12:48","modified_gmt":"2022-04-03T14:12:48","slug":"motociclismo","status":"publish","type":"page","link":"https:\/\/janhbos.com\/es\/motociclismo\/","title":{"rendered":"Motociclismo"},"content":{"rendered":"\t\t<div data-elementor-type=\"wp-page\" data-elementor-id=\"1653\" class=\"elementor elementor-1653 elementor-2\">\n\t\t\t\t\t\t<section class=\"penci-section penci-disSticky penci-structure-10 elementor-section elementor-top-section elementor-element elementor-element-63e911e elementor-section-boxed elementor-section-height-default elementor-section-height-default\" data-id=\"63e911e\" data-element_type=\"section\" data-e-type=\"section\">\n\t\t\t\t\t\t<div class=\"elementor-container elementor-column-gap-default\">\n\t\t\t\t\t<div class=\"penci-ercol-100 penci-ercol-order-1 penci-sticky-ct    elementor-column elementor-col-100 elementor-top-column elementor-element elementor-element-a5d7b7d\" data-id=\"a5d7b7d\" data-element_type=\"column\" data-e-type=\"column\">\n\t\t\t<div class=\"elementor-widget-wrap elementor-element-populated\">\n\t\t\t\t\t\t<div class=\"elementor-element elementor-element-a467d0c elementor-widget elementor-widget-penci-latest-posts\" data-id=\"a467d0c\" data-element_type=\"widget\" data-e-type=\"widget\" data-widget_type=\"penci-latest-posts.default\">\n\t\t\t\t<div class=\"elementor-widget-container\">\n\t\t\t\t\t                <div id=\"pencilatest_posts_36055\" class=\"penci-latest-posts-sc penci-latest-posts-grid-2 penci-latest-posts-el penci-el-mixed-s1 penci-std-continue-center penci-std-excerpt-center penci-grid-excerpt-left\">\n\t\t\t\t\t\t\t\t\t\t\t                        <div class=\"penci-border-arrow penci-homepage-title penci-home-latest-posts style-4 pcalign-center pciconp-right pcicon-right\">\n                            <h3 class=\"inner-arrow\">\n                                <span>\n\t\t\t\t\t\t\t\t<span>motorrijden<\/span>                                <\/span>\n                            <\/h3>\n\t\t\t\t\t\t\t                        <\/div>\n\t\t\t\t\t                    <div class=\"penci-wrapper-posts-ajax\">\n\n                        <div class=\"penci-wrapper-posts-content pwid-default\">\n\n\t\t\t\t\t\t\t\t\t\t\t\t\t\t\t                                <ul data-layout=\"grid-2\"\n                                    class=\"penci-wrapper-data penci-grid penci-shortcode-render\">\t\t\t\t\t\t\t\t\t\t\t\t\t\t\t\t\t\t\t\t\t\t\t\t\t\t\t\t\t<li class=\"grid-style grid-2-style\">\n    <article id=\"post-1730\" class=\"item hentry\">\n\t\t            <div class=\"thumbnail\">\n\t\t\t\t\t\t\t\t                    <a class=\"penci-image-holder penci-lazy\"\n                       data-bgset=\"https:\/\/janhbos.com\/wp-content\/uploads\/2020\/09\/into-the-void-aiguille-du-midi-samen-e1600722643786-585x390.png\"\n                       href=\"https:\/\/janhbos.com\/es\/tour-por-el-mont-blanc\/\" title=\"Tour por el Mont Blanc\">\n                    <\/a>\n\t\t\t\t\n\t\t\t\t\t\t\t\t\t\t\t\t\t\t\t\t\t\t\t\t\t\t\t\t\t\t\t\t\t\t\t\t\t            <\/div>\n\t\t\n        <div class=\"grid-header-box\">\n\t\t\t                <span class=\"cat\"><a style=\"\" class=\"penci-cat-name penci-cat-41\" href=\"https:\/\/janhbos.com\/es\/categoria\/motociclismo\/\"  rel=\"category tag\"><span style=\"\">Motociclismo<\/span><\/a><a style=\"\" class=\"penci-cat-name penci-cat-43\" href=\"https:\/\/janhbos.com\/es\/categoria\/viajes\/\"  rel=\"category tag\"><span style=\"\">Viajes<\/span><\/a><\/span>\n\t\t\t\n            <h2 class=\"penci-entry-title entry-title grid-title penci_grid_title_df\"><a\n                        href=\"https:\/\/janhbos.com\/es\/tour-por-el-mont-blanc\/\">Tour por el Mont Blanc<\/a>\n            <\/h2>\n\t\t\t\t\t\t\t\t<div class=\"penci-hide-tagupdated\">\n\t\t\t<span class=\"author-italic author vcard\">por \t\t\t\t\t\t\t\t\t\t<a class=\"author-url url fn n\" href=\"https:\/\/janhbos.com\/es\/author\/md11004\/\">Jan Bos<\/a>\t\t\t\t\t\t\t\t\t<\/span>\n\t\t\t<time class=\"entry-date published\" datetime=\"2020-09-21T22:56:49+02:00\">21 de septiembre de 2020<\/time>\t\t<\/div>\n\t\t\t\t\t\t                <div class=\"grid-post-box-meta\">\n\t\t\t\t\t\t\t\t\t\t                        <span class=\"otherl-date-author author-italic author vcard\">por                                 <a class=\"author-url url fn n\" href=\"https:\/\/janhbos.com\/es\/author\/md11004\/\">Jan Bos<\/a>\t\t\t\t\t\t\t<\/span>\n\t\t\t\t\t\t\t\t\t\t\t\t\t\t\t\t\t\t\t\t\t\t\t\t\t\t\t\t\t\t\t\t\t\t\t                <\/div>\n\t\t\t        <\/div>\n\n\t\t            <div class=\"item-content entry-content\">\n\t\t\t\t<p>Un tour por el Mont Blanc en la Ducati Multistrada 1200S es una aventura inolvidable. Viaja con nosotros en este blog y disfruta<\/p>\n            <\/div>\n\t\t\n\t\t\n\t\t            <div class=\"penci-post-box-meta penci-post-box-grid\">\n                <div class=\"penci-post-share-box\">\n\t\t\t\t\t<a href=\"#\" class=\"penci-post-like\" aria-label=\"Like this post\" data-post_id=\"1730\" title=\"Like\" data-like=\"Like\" data-unlike=\"Unlike\"><i class=\"penci-faicon fa fa-heart-o\" ><\/i><span class=\"dt-share\">0<\/span><\/a>\t\t\t\t\t<a class=\"new-ver-share post-share-item post-share-facebook\" aria-label=\"Share on Facebook\" target=\"_blank\"  rel=\"noreferrer\" href=\"https:\/\/www.facebook.com\/sharer\/sharer.php?u=https:\/\/janhbos.com\/es\/tour-por-el-mont-blanc\/\"><i class=\"penci-faicon fa fa-facebook\" ><\/i><span class=\"dt-share\">Facebook<\/span><\/a><a class=\"new-ver-share post-share-item post-share-twitter\" aria-label=\"Share on Twitter\" target=\"_blank\"  rel=\"noreferrer\" href=\"https:\/\/x.com\/intent\/tweet?text=Check%20out%20this%20article:%20Tour%20por%20el%20Mont%20Blanc%20-%20https:\/\/janhbos.com\/es\/tour-por-el-mont-blanc\/\"><i class=\"penci-faicon penciicon-x-twitter\" ><\/i><span class=\"dt-share\">Twitter<\/span><\/a><a class=\"new-ver-share post-share-item post-share-pinterest\" aria-label=\"Pin to Pinterest\" data-pin-do=\"none\"  rel=\"noreferrer\" target=\"_blank\" href=\"https:\/\/www.pinterest.com\/pin\/create\/button\/?url=https%3A%2F%2Fjanhbos.com%2Fes%2Ftour-por-el-mont-blanc%2F&media=https%3A%2F%2Fjanhbos.com%2Fwp-content%2Fuploads%2F2020%2F09%2Finto-the-void-aiguille-du-midi-samen-e1600722643786.png&description=Tour+por+el+Mont+Blanc\"><i class=\"penci-faicon fa fa-pinterest\" ><\/i><span class=\"dt-share\">Pinterest<\/span><\/a><a class=\"new-ver-share post-share-item post-share-whatsapp\" aria-label=\"Share on Whatsapp\" target=\"_blank\"  rel=\"noreferrer\" href=\"https:\/\/api.whatsapp.com\/send?text=Tour%20por%20el%20Mont%20Blanc %0A%0A https%3A%2F%2Fjanhbos.com%2Fes%2Ftour-por-el-mont-blanc%2F\"><i class=\"penci-faicon fa fa-whatsapp\" ><\/i><span class=\"dt-share\">Whatsapp<\/span><\/a><a class=\"new-ver-share post-share-item post-share-email\" target=\"_blank\" aria-label=\"Share via Email\"  rel=\"noreferrer\" href=\"mailto:?subject=Tour%20por%20el%20Mont%20Blanc&#038;BODY=https:\/\/janhbos.com\/es\/tour-por-el-mont-blanc\/\"><i class=\"penci-faicon fa fa-envelope\" ><\/i><span class=\"dt-share\">Email<\/span><\/a>                <\/div>\n            <\/div>\n\t\t    <\/article>\n<\/li>\n<li class=\"grid-style grid-2-style\">\n    <article id=\"post-2008\" class=\"item hentry\">\n\t\t            <div class=\"thumbnail\">\n\t\t\t\t\t\t\t\t                    <a class=\"penci-image-holder penci-lazy\"\n                       data-bgset=\"https:\/\/janhbos.com\/wp-content\/uploads\/2020\/07\/venice-gonolas-in-canal-585x390.jpg\"\n                       href=\"https:\/\/janhbos.com\/es\/venecia-en-tiempos-de-corona\/\" title=\"Venecia en tiempos de covid\">\n                    <\/a>\n\t\t\t\t\n\t\t\t\t\t\t\t\t\t\t\t\t\t\t\t\t\t\t\t\t\t\t\t\t\t\t\t\t\t\t\t\t\t            <\/div>\n\t\t\n        <div class=\"grid-header-box\">\n\t\t\t                <span class=\"cat\"><a style=\"\" class=\"penci-cat-name penci-cat-41\" href=\"https:\/\/janhbos.com\/es\/categoria\/motociclismo\/\"  rel=\"category tag\"><span style=\"\">Motociclismo<\/span><\/a><a style=\"\" class=\"penci-cat-name penci-cat-43\" href=\"https:\/\/janhbos.com\/es\/categoria\/viajes\/\"  rel=\"category tag\"><span style=\"\">Viajes<\/span><\/a><\/span>\n\t\t\t\n            <h2 class=\"penci-entry-title entry-title grid-title penci_grid_title_df\"><a\n                        href=\"https:\/\/janhbos.com\/es\/venecia-en-tiempos-de-corona\/\">Venecia en tiempos de covid<\/a>\n            <\/h2>\n\t\t\t\t\t\t\t\t<div class=\"penci-hide-tagupdated\">\n\t\t\t<span class=\"author-italic author vcard\">por \t\t\t\t\t\t\t\t\t\t<a class=\"author-url url fn n\" href=\"https:\/\/janhbos.com\/es\/author\/md11004\/\">Jan Bos<\/a>\t\t\t\t\t\t\t\t\t<\/span>\n\t\t\t<time class=\"entry-date published\" datetime=\"2020-07-25T19:43:02+02:00\">25 de julio de 2020<\/time>\t\t<\/div>\n\t\t\t\t\t\t                <div class=\"grid-post-box-meta\">\n\t\t\t\t\t\t\t\t\t\t                        <span class=\"otherl-date-author author-italic author vcard\">por                                 <a class=\"author-url url fn n\" href=\"https:\/\/janhbos.com\/es\/author\/md11004\/\">Jan Bos<\/a>\t\t\t\t\t\t\t<\/span>\n\t\t\t\t\t\t\t\t\t\t\t\t\t\t\t\t\t\t\t\t\t\t\t\t\t\t\t\t\t\t\t\t\t\t\t                <\/div>\n\t\t\t        <\/div>\n\n\t\t            <div class=\"item-content entry-content\">\n\t\t\t\t<p>A Venecia, algunos se preguntar\u00e1n por qu\u00e9 ahora mismo. Lo elegimos conscientemente porque todav\u00eda est\u00e1 tranquilo, debido a las medidas sanitarias &#8230;<\/p>\n            <\/div>\n\t\t\n\t\t\n\t\t            <div class=\"penci-post-box-meta penci-post-box-grid\">\n                <div class=\"penci-post-share-box\">\n\t\t\t\t\t<a href=\"#\" class=\"penci-post-like\" aria-label=\"Like this post\" data-post_id=\"2008\" title=\"Like\" data-like=\"Like\" data-unlike=\"Unlike\"><i class=\"penci-faicon fa fa-heart-o\" ><\/i><span class=\"dt-share\">0<\/span><\/a>\t\t\t\t\t<a class=\"new-ver-share post-share-item post-share-facebook\" aria-label=\"Share on Facebook\" target=\"_blank\"  rel=\"noreferrer\" href=\"https:\/\/www.facebook.com\/sharer\/sharer.php?u=https:\/\/janhbos.com\/es\/venecia-en-tiempos-de-corona\/\"><i class=\"penci-faicon fa fa-facebook\" ><\/i><span class=\"dt-share\">Facebook<\/span><\/a><a class=\"new-ver-share post-share-item post-share-twitter\" aria-label=\"Share on Twitter\" target=\"_blank\"  rel=\"noreferrer\" href=\"https:\/\/x.com\/intent\/tweet?text=Check%20out%20this%20article:%20Venecia%20en%20tiempos%20de%20covid%20-%20https:\/\/janhbos.com\/es\/venecia-en-tiempos-de-corona\/\"><i class=\"penci-faicon penciicon-x-twitter\" ><\/i><span class=\"dt-share\">Twitter<\/span><\/a><a class=\"new-ver-share post-share-item post-share-pinterest\" aria-label=\"Pin to Pinterest\" data-pin-do=\"none\"  rel=\"noreferrer\" target=\"_blank\" href=\"https:\/\/www.pinterest.com\/pin\/create\/button\/?url=https%3A%2F%2Fjanhbos.com%2Fes%2Fvenecia-en-tiempos-de-corona%2F&media=https%3A%2F%2Fjanhbos.com%2Fwp-content%2Fuploads%2F2020%2F07%2Fvenice-gonolas-in-canal.jpg&description=Venecia+en+tiempos+de+covid\"><i class=\"penci-faicon fa fa-pinterest\" ><\/i><span class=\"dt-share\">Pinterest<\/span><\/a><a class=\"new-ver-share post-share-item post-share-whatsapp\" aria-label=\"Share on Whatsapp\" target=\"_blank\"  rel=\"noreferrer\" href=\"https:\/\/api.whatsapp.com\/send?text=Venecia%20en%20tiempos%20de%20covid %0A%0A https%3A%2F%2Fjanhbos.com%2Fes%2Fvenecia-en-tiempos-de-corona%2F\"><i class=\"penci-faicon fa fa-whatsapp\" ><\/i><span class=\"dt-share\">Whatsapp<\/span><\/a><a class=\"new-ver-share post-share-item post-share-email\" target=\"_blank\" aria-label=\"Share via Email\"  rel=\"noreferrer\" href=\"mailto:?subject=Venecia%20en%20tiempos%20de%20covid&#038;BODY=https:\/\/janhbos.com\/es\/venecia-en-tiempos-de-corona\/\"><i class=\"penci-faicon fa fa-envelope\" ><\/i><span class=\"dt-share\">Email<\/span><\/a>                <\/div>\n            <\/div>\n\t\t    <\/article>\n<\/li>\n<li class=\"grid-style grid-2-style\">\n    <article id=\"post-2014\" class=\"item hentry\">\n\t\t            <div class=\"thumbnail\">\n\t\t\t\t\t\t\t\t                    <a class=\"penci-image-holder penci-lazy\"\n                       data-bgset=\"https:\/\/janhbos.com\/wp-content\/uploads\/2020\/05\/motor-crt-circuit-assen-ducati-996-1-e1590256720399.jpeg\"\n                       href=\"https:\/\/janhbos.com\/es\/como-aprender-a-conducir-mejor-una-moto\/\" title=\"C\u00f3mo aprender a conducir mejor una moto\">\n                    <\/a>\n\t\t\t\t\n\t\t\t\t\t\t\t\t\t\t\t\t\t\t\t\t\t\t\t\t\t\t\t\t\t\t\t\t\t\t\t\t\t            <\/div>\n\t\t\n        <div class=\"grid-header-box\">\n\t\t\t                <span class=\"cat\"><a style=\"\" class=\"penci-cat-name penci-cat-41\" href=\"https:\/\/janhbos.com\/es\/categoria\/motociclismo\/\"  rel=\"category tag\"><span style=\"\">Motociclismo<\/span><\/a><\/span>\n\t\t\t\n            <h2 class=\"penci-entry-title entry-title grid-title penci_grid_title_df\"><a\n                        href=\"https:\/\/janhbos.com\/es\/como-aprender-a-conducir-mejor-una-moto\/\">C\u00f3mo aprender a conducir mejor una moto<\/a>\n            <\/h2>\n\t\t\t\t\t\t\t\t<div class=\"penci-hide-tagupdated\">\n\t\t\t<span class=\"author-italic author vcard\">por \t\t\t\t\t\t\t\t\t\t<a class=\"author-url url fn n\" href=\"https:\/\/janhbos.com\/es\/author\/md11004\/\">Jan Bos<\/a>\t\t\t\t\t\t\t\t\t<\/span>\n\t\t\t<time class=\"entry-date published\" datetime=\"2020-05-23T20:31:38+02:00\">23 de mayo de 2020<\/time>\t\t<\/div>\n\t\t\t\t\t\t                <div class=\"grid-post-box-meta\">\n\t\t\t\t\t\t\t\t\t\t                        <span class=\"otherl-date-author author-italic author vcard\">por                                 <a class=\"author-url url fn n\" href=\"https:\/\/janhbos.com\/es\/author\/md11004\/\">Jan Bos<\/a>\t\t\t\t\t\t\t<\/span>\n\t\t\t\t\t\t\t\t\t\t\t\t\t\t\t\t\t\t\t\t\t\t\t\t\t\t\t\t\t\t\t\t\t\t\t                <\/div>\n\t\t\t        <\/div>\n\n\t\t            <div class=\"item-content entry-content\">\n\t\t\t\t<p>Aprende a conducir mejor en tu moto a trav\u00e9s de entrenamiento adicional y\/o avanzado de conducci\u00f3n en los CURSOS de KNMV y de CRT<\/p>\n            <\/div>\n\t\t\n\t\t\n\t\t            <div class=\"penci-post-box-meta penci-post-box-grid\">\n                <div class=\"penci-post-share-box\">\n\t\t\t\t\t<a href=\"#\" class=\"penci-post-like\" aria-label=\"Like this post\" data-post_id=\"2014\" title=\"Like\" data-like=\"Like\" data-unlike=\"Unlike\"><i class=\"penci-faicon fa fa-heart-o\" ><\/i><span class=\"dt-share\">0<\/span><\/a>\t\t\t\t\t<a class=\"new-ver-share post-share-item post-share-facebook\" aria-label=\"Share on Facebook\" target=\"_blank\"  rel=\"noreferrer\" href=\"https:\/\/www.facebook.com\/sharer\/sharer.php?u=https:\/\/janhbos.com\/es\/como-aprender-a-conducir-mejor-una-moto\/\"><i class=\"penci-faicon fa fa-facebook\" ><\/i><span class=\"dt-share\">Facebook<\/span><\/a><a class=\"new-ver-share post-share-item post-share-twitter\" aria-label=\"Share on Twitter\" target=\"_blank\"  rel=\"noreferrer\" href=\"https:\/\/x.com\/intent\/tweet?text=Check%20out%20this%20article:%20C%C3%B3mo%20aprender%20a%20conducir%20mejor%20una%20moto%20-%20https:\/\/janhbos.com\/es\/como-aprender-a-conducir-mejor-una-moto\/\"><i class=\"penci-faicon penciicon-x-twitter\" ><\/i><span class=\"dt-share\">Twitter<\/span><\/a><a class=\"new-ver-share post-share-item post-share-pinterest\" aria-label=\"Pin to Pinterest\" data-pin-do=\"none\"  rel=\"noreferrer\" target=\"_blank\" href=\"https:\/\/www.pinterest.com\/pin\/create\/button\/?url=https%3A%2F%2Fjanhbos.com%2Fes%2Fcomo-aprender-a-conducir-mejor-una-moto%2F&media=https%3A%2F%2Fjanhbos.com%2Fwp-content%2Fuploads%2F2020%2F05%2Fmotor-crt-circuit-assen-ducati-996-1-e1590256720399.jpeg&description=C%C3%B3mo+aprender+a+conducir+mejor+una+moto\"><i class=\"penci-faicon fa fa-pinterest\" ><\/i><span class=\"dt-share\">Pinterest<\/span><\/a><a class=\"new-ver-share post-share-item post-share-whatsapp\" aria-label=\"Share on Whatsapp\" target=\"_blank\"  rel=\"noreferrer\" href=\"https:\/\/api.whatsapp.com\/send?text=C%C3%B3mo%20aprender%20a%20conducir%20mejor%20una%20moto %0A%0A https%3A%2F%2Fjanhbos.com%2Fes%2Fcomo-aprender-a-conducir-mejor-una-moto%2F\"><i class=\"penci-faicon fa fa-whatsapp\" ><\/i><span class=\"dt-share\">Whatsapp<\/span><\/a><a class=\"new-ver-share post-share-item post-share-email\" target=\"_blank\" aria-label=\"Share via Email\"  rel=\"noreferrer\" href=\"mailto:?subject=C\u00f3mo%20aprender%20a%20conducir%20mejor%20una%20moto&#038;BODY=https:\/\/janhbos.com\/es\/como-aprender-a-conducir-mejor-una-moto\/\"><i class=\"penci-faicon fa fa-envelope\" ><\/i><span class=\"dt-share\">Email<\/span><\/a>                <\/div>\n            <\/div>\n\t\t    <\/article>\n<\/li>\n\n\t\t\t\t\t\t\t\t\t\t\t\t\t\t\t\t\t\t\t\t\t\t\t\t\t\t\t\t<\/ul>\n\t\t\t\t\t\t\t\t\t\t\t\t\t\t\t\t\t\t\t\t\t                        <\/div>\n\n\t\t\t\t\t\t                    <\/div>\n                <\/div>\n\t\t\t            <style>\n                                                                                                                                                                            <\/style>\n\t\t\t\t\t\t\t<\/div>\n\t\t\t\t<\/div>\n\t\t\t\t\t<\/div>\n\t\t<\/div>\n\t\t\t\t\t<\/div>\n\t\t<\/section>\n\t\t\t\t<\/div>\n\t\t","protected":false},"excerpt":{"rendered":"<p>motorrijden MotorrijdenReizen Rondje om de Mont Blanc door Jan Bos 21\/09\/2020 door Jan Bos Een rondje om de Mont Blanc op de Ducati Multistrada 1200S is een onvergetelijk avontuur. Reis&hellip;<\/p>\n","protected":false},"author":2,"featured_media":0,"parent":0,"menu_order":0,"comment_status":"closed","ping_status":"open","template":"","meta":{"_lmt_disableupdate":"","_lmt_disable":"","footnotes":""},"class_list":["post-1653","page","type-page","status-publish","hentry"],"yoast_head":"<!-- This site is optimized with the Yoast SEO plugin v27.4 - https:\/\/yoast.com\/product\/yoast-seo-wordpress\/ -->\n<title>Motociclismo - Aviaci\u00f3n | Motociclismo | Viajes<\/title>\n<meta name=\"robots\" content=\"index, follow, max-snippet:-1, max-image-preview:large, max-video-preview:-1\" \/>\n<link rel=\"canonical\" href=\"https:\/\/janhbos.com\/es\/motociclismo\/\" \/>\n<meta property=\"og:locale\" content=\"es_ES\" \/>\n<meta property=\"og:type\" content=\"article\" \/>\n<meta property=\"og:title\" content=\"Motociclismo - Aviaci\u00f3n | Motociclismo | Viajes\" \/>\n<meta property=\"og:description\" content=\"motorrijden MotorrijdenReizen Rondje om de Mont Blanc door Jan Bos 21\/09\/2020 door Jan Bos Een rondje om de Mont Blanc op de Ducati Multistrada 1200S is een onvergetelijk avontuur. Reis&hellip;\" \/>\n<meta property=\"og:url\" content=\"https:\/\/janhbos.com\/es\/motociclismo\/\" \/>\n<meta property=\"og:site_name\" content=\"Aviaci\u00f3n | Motociclismo | Viajes\" \/>\n<meta property=\"article:modified_time\" content=\"2022-04-03T14:12:48+00:00\" \/>\n<meta name=\"twitter:card\" content=\"summary_large_image\" \/>\n<meta name=\"twitter:label1\" content=\"Tiempo de lectura\" \/>\n\t<meta name=\"twitter:data1\" content=\"1 minuto\" \/>\n<script type=\"application\/ld+json\" class=\"yoast-schema-graph\">{\"@context\":\"https:\\\/\\\/schema.org\",\"@graph\":[{\"@type\":\"WebPage\",\"@id\":\"https:\\\/\\\/janhbos.com\\\/es\\\/motociclismo\\\/\",\"url\":\"https:\\\/\\\/janhbos.com\\\/es\\\/motociclismo\\\/\",\"name\":\"Motociclismo - Aviaci\u00f3n | Motociclismo | Viajes\",\"isPartOf\":{\"@id\":\"https:\\\/\\\/janhbos.com\\\/es\\\/#website\"},\"datePublished\":\"2020-05-07T14:58:42+00:00\",\"dateModified\":\"2022-04-03T14:12:48+00:00\",\"breadcrumb\":{\"@id\":\"https:\\\/\\\/janhbos.com\\\/es\\\/motociclismo\\\/#breadcrumb\"},\"inLanguage\":\"es\",\"potentialAction\":[{\"@type\":\"ReadAction\",\"target\":[\"https:\\\/\\\/janhbos.com\\\/es\\\/motociclismo\\\/\"]}]},{\"@type\":\"BreadcrumbList\",\"@id\":\"https:\\\/\\\/janhbos.com\\\/es\\\/motociclismo\\\/#breadcrumb\",\"itemListElement\":[{\"@type\":\"ListItem\",\"position\":1,\"name\":\"Home\",\"item\":\"https:\\\/\\\/janhbos.com\\\/es\\\/\"},{\"@type\":\"ListItem\",\"position\":2,\"name\":\"Motociclismo\"}]},{\"@type\":\"WebSite\",\"@id\":\"https:\\\/\\\/janhbos.com\\\/es\\\/#website\",\"url\":\"https:\\\/\\\/janhbos.com\\\/es\\\/\",\"name\":\"Vliegen | Motorrijden | Reizen\",\"description\":\"Ac\u00e1 encuentras informaci\u00f3n sobre mis pasiones aviaci\u00f3n, motociclismo y viajes\",\"publisher\":{\"@id\":\"https:\\\/\\\/janhbos.com\\\/es\\\/#\\\/schema\\\/person\\\/6cf9b88b72b671281fabada776b5f211\"},\"potentialAction\":[{\"@type\":\"SearchAction\",\"target\":{\"@type\":\"EntryPoint\",\"urlTemplate\":\"https:\\\/\\\/janhbos.com\\\/es\\\/?s={search_term_string}\"},\"query-input\":{\"@type\":\"PropertyValueSpecification\",\"valueRequired\":true,\"valueName\":\"search_term_string\"}}],\"inLanguage\":\"es\"},{\"@type\":[\"Person\",\"Organization\"],\"@id\":\"https:\\\/\\\/janhbos.com\\\/es\\\/#\\\/schema\\\/person\\\/6cf9b88b72b671281fabada776b5f211\",\"name\":\"Jan Bos\",\"image\":{\"@type\":\"ImageObject\",\"inLanguage\":\"es\",\"@id\":\"https:\\\/\\\/janhbos.com\\\/wp-content\\\/litespeed\\\/avatar\\\/e39997fecfa7e45dc072fd58300a472f.jpg?ver=1776157489\",\"url\":\"https:\\\/\\\/janhbos.com\\\/wp-content\\\/litespeed\\\/avatar\\\/e39997fecfa7e45dc072fd58300a472f.jpg?ver=1776157489\",\"contentUrl\":\"https:\\\/\\\/janhbos.com\\\/wp-content\\\/litespeed\\\/avatar\\\/e39997fecfa7e45dc072fd58300a472f.jpg?ver=1776157489\",\"caption\":\"Jan Bos\"},\"logo\":{\"@id\":\"https:\\\/\\\/janhbos.com\\\/wp-content\\\/litespeed\\\/avatar\\\/e39997fecfa7e45dc072fd58300a472f.jpg?ver=1776157489\"}}]}<\/script>\n<!-- \/ Yoast SEO plugin. -->","yoast_head_json":{"title":"Motociclismo - Aviaci\u00f3n | Motociclismo | Viajes","robots":{"index":"index","follow":"follow","max-snippet":"max-snippet:-1","max-image-preview":"max-image-preview:large","max-video-preview":"max-video-preview:-1"},"canonical":"https:\/\/janhbos.com\/es\/motociclismo\/","og_locale":"es_ES","og_type":"article","og_title":"Motociclismo - Aviaci\u00f3n | Motociclismo | Viajes","og_description":"motorrijden MotorrijdenReizen Rondje om de Mont Blanc door Jan Bos 21\/09\/2020 door Jan Bos Een rondje om de Mont Blanc op de Ducati Multistrada 1200S is een onvergetelijk avontuur. Reis&hellip;","og_url":"https:\/\/janhbos.com\/es\/motociclismo\/","og_site_name":"Aviaci\u00f3n | Motociclismo | Viajes","article_modified_time":"2022-04-03T14:12:48+00:00","twitter_card":"summary_large_image","twitter_misc":{"Tiempo de lectura":"1 minuto"},"schema":{"@context":"https:\/\/schema.org","@graph":[{"@type":"WebPage","@id":"https:\/\/janhbos.com\/es\/motociclismo\/","url":"https:\/\/janhbos.com\/es\/motociclismo\/","name":"Motociclismo - Aviaci\u00f3n | Motociclismo | Viajes","isPartOf":{"@id":"https:\/\/janhbos.com\/es\/#website"},"datePublished":"2020-05-07T14:58:42+00:00","dateModified":"2022-04-03T14:12:48+00:00","breadcrumb":{"@id":"https:\/\/janhbos.com\/es\/motociclismo\/#breadcrumb"},"inLanguage":"es","potentialAction":[{"@type":"ReadAction","target":["https:\/\/janhbos.com\/es\/motociclismo\/"]}]},{"@type":"BreadcrumbList","@id":"https:\/\/janhbos.com\/es\/motociclismo\/#breadcrumb","itemListElement":[{"@type":"ListItem","position":1,"name":"Home","item":"https:\/\/janhbos.com\/es\/"},{"@type":"ListItem","position":2,"name":"Motociclismo"}]},{"@type":"WebSite","@id":"https:\/\/janhbos.com\/es\/#website","url":"https:\/\/janhbos.com\/es\/","name":"Vliegen | Motorrijden | Reizen","description":"Ac\u00e1 encuentras informaci\u00f3n sobre mis pasiones aviaci\u00f3n, motociclismo y viajes","publisher":{"@id":"https:\/\/janhbos.com\/es\/#\/schema\/person\/6cf9b88b72b671281fabada776b5f211"},"potentialAction":[{"@type":"SearchAction","target":{"@type":"EntryPoint","urlTemplate":"https:\/\/janhbos.com\/es\/?s={search_term_string}"},"query-input":{"@type":"PropertyValueSpecification","valueRequired":true,"valueName":"search_term_string"}}],"inLanguage":"es"},{"@type":["Person","Organization"],"@id":"https:\/\/janhbos.com\/es\/#\/schema\/person\/6cf9b88b72b671281fabada776b5f211","name":"Jan Bos","image":{"@type":"ImageObject","inLanguage":"es","@id":"https:\/\/janhbos.com\/wp-content\/litespeed\/avatar\/e39997fecfa7e45dc072fd58300a472f.jpg?ver=1776157489","url":"https:\/\/janhbos.com\/wp-content\/litespeed\/avatar\/e39997fecfa7e45dc072fd58300a472f.jpg?ver=1776157489","contentUrl":"https:\/\/janhbos.com\/wp-content\/litespeed\/avatar\/e39997fecfa7e45dc072fd58300a472f.jpg?ver=1776157489","caption":"Jan Bos"},"logo":{"@id":"https:\/\/janhbos.com\/wp-content\/litespeed\/avatar\/e39997fecfa7e45dc072fd58300a472f.jpg?ver=1776157489"}}]}},"_links":{"self":[{"href":"https:\/\/janhbos.com\/es\/wp-json\/wp\/v2\/pages\/1653","targetHints":{"allow":["GET"]}}],"collection":[{"href":"https:\/\/janhbos.com\/es\/wp-json\/wp\/v2\/pages"}],"about":[{"href":"https:\/\/janhbos.com\/es\/wp-json\/wp\/v2\/types\/page"}],"author":[{"embeddable":true,"href":"https:\/\/janhbos.com\/es\/wp-json\/wp\/v2\/users\/2"}],"replies":[{"embeddable":true,"href":"https:\/\/janhbos.com\/es\/wp-json\/wp\/v2\/comments?post=1653"}],"version-history":[{"count":0,"href":"https:\/\/janhbos.com\/es\/wp-json\/wp\/v2\/pages\/1653\/revisions"}],"wp:attachment":[{"href":"https:\/\/janhbos.com\/es\/wp-json\/wp\/v2\/media?parent=1653"}],"curies":[{"name":"wp","href":"https:\/\/api.w.org\/{rel}","templated":true}]}}