{"id":1661,"date":"2020-05-07T20:07:46","date_gmt":"2020-05-07T18:07:46","guid":{"rendered":"http:\/\/janhbos.com\/volar\/"},"modified":"2020-10-05T14:01:31","modified_gmt":"2020-10-05T12:01:31","slug":"aviacion","status":"publish","type":"page","link":"https:\/\/janhbos.com\/es\/aviacion\/","title":{"rendered":"Aviaci\u00f3n"},"content":{"rendered":"\t\t<div data-elementor-type=\"wp-page\" data-elementor-id=\"1661\" class=\"elementor elementor-1661 elementor-9\">\n\t\t\t\t\t\t<section class=\"penci-section penci-disSticky penci-structure-10 elementor-section elementor-top-section elementor-element elementor-element-d922eb6 elementor-section-boxed elementor-section-height-default elementor-section-height-default\" data-id=\"d922eb6\" data-element_type=\"section\" data-e-type=\"section\">\n\t\t\t\t\t\t<div class=\"elementor-container elementor-column-gap-default\">\n\t\t\t\t\t<div class=\"penci-ercol-100 penci-ercol-order-1 penci-sticky-ct    elementor-column elementor-col-100 elementor-top-column elementor-element elementor-element-06204d7\" data-id=\"06204d7\" data-element_type=\"column\" data-e-type=\"column\">\n\t\t\t<div class=\"elementor-widget-wrap elementor-element-populated\">\n\t\t\t\t\t\t<div class=\"elementor-element elementor-element-0a38d9a elementor-widget elementor-widget-penci-latest-posts\" data-id=\"0a38d9a\" data-element_type=\"widget\" data-e-type=\"widget\" data-widget_type=\"penci-latest-posts.default\">\n\t\t\t\t<div class=\"elementor-widget-container\">\n\t\t\t\t\t                <div id=\"pencilatest_posts_10638\" class=\"penci-latest-posts-sc penci-latest-posts-grid-2 penci-latest-posts-el penci-el-mixed-s1 penci-std-continue-center penci-std-excerpt-center penci-grid-excerpt-left\">\n\t\t\t\t\t\t\t\t\t\t\t                        <div class=\"penci-border-arrow penci-homepage-title penci-home-latest-posts style-4 pcalign-center pciconp-right pcicon-right\">\n                            <h3 class=\"inner-arrow\">\n                                <span>\n\t\t\t\t\t\t\t\t<span>aviaci\u00f3n<\/span>                                <\/span>\n                            <\/h3>\n\t\t\t\t\t\t\t                        <\/div>\n\t\t\t\t\t                    <div class=\"penci-wrapper-posts-ajax\">\n\n                        <div class=\"penci-wrapper-posts-content pwid-default\">\n\n\t\t\t\t\t\t\t\t\t\t\t\t\t\t\t                                <ul data-layout=\"grid-2\"\n                                    class=\"penci-wrapper-data penci-grid penci-shortcode-render\">\t\t\t\t\t\t\t\t\t\t\t\t\t\t\t\t\t\t\t\t\t\t\t\t\t\t\t\t\t<li class=\"grid-style grid-2-style\">\n    <article id=\"post-2025\" class=\"item hentry\">\n\t\t            <div class=\"thumbnail\">\n\t\t\t\t\t\t\t\t                    <a class=\"penci-image-holder penci-lazy\"\n                       data-bgset=\"https:\/\/janhbos.com\/wp-content\/uploads\/2020\/05\/glider-ask21-zweefvliegen-e1589665299941.jpg\"\n                       href=\"https:\/\/janhbos.com\/es\/introduccion-al-planear\/\" title=\"Introducci\u00f3n al Planear\">\n                    <\/a>\n\t\t\t\t\n\t\t\t\t\t\t\t\t\t\t\t\t\t\t\t\t\t\t\t\t\t\t\t\t\t\t\t\t\t\t\t\t\t            <\/div>\n\t\t\n        <div class=\"grid-header-box\">\n\t\t\t                <span class=\"cat\"><a style=\"\" class=\"penci-cat-name penci-cat-45\" href=\"https:\/\/janhbos.com\/es\/categoria\/aviacion\/\"  rel=\"category tag\"><span style=\"\">Aviaci\u00f3n<\/span><\/a><\/span>\n\t\t\t\n            <h2 class=\"penci-entry-title entry-title grid-title penci_grid_title_df\"><a\n                        href=\"https:\/\/janhbos.com\/es\/introduccion-al-planear\/\">Introducci\u00f3n al Planear<\/a>\n            <\/h2>\n\t\t\t\t\t\t\t\t<div class=\"penci-hide-tagupdated\">\n\t\t\t<span class=\"author-italic author vcard\">por \t\t\t\t\t\t\t\t\t\t<a class=\"author-url url fn n\" href=\"https:\/\/janhbos.com\/es\/author\/md11004\/\">Jan Bos<\/a>\t\t\t\t\t\t\t\t\t<\/span>\n\t\t\t<time class=\"entry-date published\" datetime=\"2020-05-14T13:30:14+02:00\">14 de mayo de 2020<\/time>\t\t<\/div>\n\t\t\t\t\t\t                <div class=\"grid-post-box-meta\">\n\t\t\t\t\t\t\t\t\t\t                        <span class=\"otherl-date-author author-italic author vcard\">por                                 <a class=\"author-url url fn n\" href=\"https:\/\/janhbos.com\/es\/author\/md11004\/\">Jan Bos<\/a>\t\t\t\t\t\t\t<\/span>\n\t\t\t\t\t\t\t\t\t\t\t\t\t\t\t\t\t\t\t\t\t\t\t\t\t\t\t\t\t\t\t\t\t\t\t                <\/div>\n\t\t\t        <\/div>\n\n\t\t            <div class=\"item-content entry-content\">\n\t\t\t\t<p>En este post puedes leer m\u00e1s sobre el planear, un deporte fant\u00e1stico que ha afectado al resto de mi vida..<\/p>\n            <\/div>\n\t\t\n\t\t\n\t\t            <div class=\"penci-post-box-meta penci-post-box-grid\">\n                <div class=\"penci-post-share-box\">\n\t\t\t\t\t<a href=\"#\" class=\"penci-post-like\" aria-label=\"Like this post\" data-post_id=\"2025\" title=\"Like\" data-like=\"Like\" data-unlike=\"Unlike\"><i class=\"penci-faicon fa fa-heart-o\" ><\/i><span class=\"dt-share\">0<\/span><\/a>\t\t\t\t\t<a class=\"new-ver-share post-share-item post-share-facebook\" aria-label=\"Share on Facebook\" target=\"_blank\"  rel=\"noreferrer\" href=\"https:\/\/www.facebook.com\/sharer\/sharer.php?u=https:\/\/janhbos.com\/es\/introduccion-al-planear\/\"><i class=\"penci-faicon fa fa-facebook\" ><\/i><span class=\"dt-share\">Facebook<\/span><\/a><a class=\"new-ver-share post-share-item post-share-twitter\" aria-label=\"Share on Twitter\" target=\"_blank\"  rel=\"noreferrer\" href=\"https:\/\/x.com\/intent\/tweet?text=Check%20out%20this%20article:%20Introducci%C3%B3n%20al%20Planear%20-%20https:\/\/janhbos.com\/es\/introduccion-al-planear\/\"><i class=\"penci-faicon penciicon-x-twitter\" ><\/i><span class=\"dt-share\">Twitter<\/span><\/a><a class=\"new-ver-share post-share-item post-share-pinterest\" aria-label=\"Pin to Pinterest\" data-pin-do=\"none\"  rel=\"noreferrer\" target=\"_blank\" href=\"https:\/\/www.pinterest.com\/pin\/create\/button\/?url=https%3A%2F%2Fjanhbos.com%2Fes%2Fintroduccion-al-planear%2F&media=https%3A%2F%2Fjanhbos.com%2Fwp-content%2Fuploads%2F2020%2F05%2Fglider-ask21-zweefvliegen-e1589665299941.jpg&description=Introducci%C3%B3n+al+Planear\"><i class=\"penci-faicon fa fa-pinterest\" ><\/i><span class=\"dt-share\">Pinterest<\/span><\/a><a class=\"new-ver-share post-share-item post-share-whatsapp\" aria-label=\"Share on Whatsapp\" target=\"_blank\"  rel=\"noreferrer\" href=\"https:\/\/api.whatsapp.com\/send?text=Introducci%C3%B3n%20al%20Planear %0A%0A https%3A%2F%2Fjanhbos.com%2Fes%2Fintroduccion-al-planear%2F\"><i class=\"penci-faicon fa fa-whatsapp\" ><\/i><span class=\"dt-share\">Whatsapp<\/span><\/a><a class=\"new-ver-share post-share-item post-share-email\" target=\"_blank\" aria-label=\"Share via Email\"  rel=\"noreferrer\" href=\"mailto:?subject=Introducci\u00f3n%20al%20Planear&#038;BODY=https:\/\/janhbos.com\/es\/introduccion-al-planear\/\"><i class=\"penci-faicon fa fa-envelope\" ><\/i><span class=\"dt-share\">Email<\/span><\/a>                <\/div>\n            <\/div>\n\t\t    <\/article>\n<\/li>\n\n\t\t\t\t\t\t\t\t\t\t\t\t\t\t\t\t\t\t\t\t\t\t\t\t\t\t\t\t<\/ul>\n\t\t\t\t\t\t\t\t\t\t\t\t\t\t\t\t\t\t\t\t\t                        <\/div>\n\n\t\t\t\t\t\t                    <\/div>\n                <\/div>\n\t\t\t            <style>\n                                                                                                                                                                            <\/style>\n\t\t\t\t\t\t\t<\/div>\n\t\t\t\t<\/div>\n\t\t\t\t\t<\/div>\n\t\t<\/div>\n\t\t\t\t\t<\/div>\n\t\t<\/section>\n\t\t\t\t<\/div>\n\t\t","protected":false},"excerpt":{"rendered":"<p>aviaci\u00f3n Aviaci\u00f3n Introducci\u00f3n al Planear door Jan Bos 14\/05\/2020 door Jan Bos En este post podr\u00e1s leer m\u00e1s sobre el deslizamiento, un fant\u00e1stico deporte que ha afectado al resto de&hellip;<\/p>\n","protected":false},"author":2,"featured_media":0,"parent":0,"menu_order":0,"comment_status":"closed","ping_status":"closed","template":"","meta":{"_lmt_disableupdate":"","_lmt_disable":"","footnotes":""},"class_list":["post-1661","page","type-page","status-publish","hentry"],"yoast_head":"<!-- This site is optimized with the Yoast SEO plugin v27.4 - https:\/\/yoast.com\/product\/yoast-seo-wordpress\/ -->\n<title>Aviaci\u00f3n - Aviaci\u00f3n | Motociclismo | Viajes<\/title>\n<meta name=\"robots\" content=\"index, follow, max-snippet:-1, max-image-preview:large, max-video-preview:-1\" \/>\n<link rel=\"canonical\" href=\"https:\/\/janhbos.com\/es\/aviacion\/\" \/>\n<meta property=\"og:locale\" content=\"es_ES\" \/>\n<meta property=\"og:type\" content=\"article\" \/>\n<meta property=\"og:title\" content=\"Aviaci\u00f3n - Aviaci\u00f3n | Motociclismo | Viajes\" \/>\n<meta property=\"og:description\" content=\"aviaci\u00f3n Aviaci\u00f3n Introducci\u00f3n al Planear door Jan Bos 14\/05\/2020 door Jan Bos En este post podr\u00e1s leer m\u00e1s sobre el deslizamiento, un fant\u00e1stico deporte que ha afectado al resto de&hellip;\" \/>\n<meta property=\"og:url\" content=\"https:\/\/janhbos.com\/es\/aviacion\/\" \/>\n<meta property=\"og:site_name\" content=\"Aviaci\u00f3n | Motociclismo | Viajes\" \/>\n<meta property=\"article:modified_time\" content=\"2020-10-05T12:01:31+00:00\" \/>\n<meta name=\"twitter:card\" content=\"summary_large_image\" \/>\n<script type=\"application\/ld+json\" class=\"yoast-schema-graph\">{\"@context\":\"https:\\\/\\\/schema.org\",\"@graph\":[{\"@type\":\"WebPage\",\"@id\":\"https:\\\/\\\/janhbos.com\\\/es\\\/aviacion\\\/\",\"url\":\"https:\\\/\\\/janhbos.com\\\/es\\\/aviacion\\\/\",\"name\":\"Aviaci\u00f3n - Aviaci\u00f3n | Motociclismo | Viajes\",\"isPartOf\":{\"@id\":\"https:\\\/\\\/janhbos.com\\\/es\\\/#website\"},\"datePublished\":\"2020-05-07T18:07:46+00:00\",\"dateModified\":\"2020-10-05T12:01:31+00:00\",\"breadcrumb\":{\"@id\":\"https:\\\/\\\/janhbos.com\\\/es\\\/aviacion\\\/#breadcrumb\"},\"inLanguage\":\"es\",\"potentialAction\":[{\"@type\":\"ReadAction\",\"target\":[\"https:\\\/\\\/janhbos.com\\\/es\\\/aviacion\\\/\"]}]},{\"@type\":\"BreadcrumbList\",\"@id\":\"https:\\\/\\\/janhbos.com\\\/es\\\/aviacion\\\/#breadcrumb\",\"itemListElement\":[{\"@type\":\"ListItem\",\"position\":1,\"name\":\"Home\",\"item\":\"https:\\\/\\\/janhbos.com\\\/es\\\/\"},{\"@type\":\"ListItem\",\"position\":2,\"name\":\"Aviaci\u00f3n\"}]},{\"@type\":\"WebSite\",\"@id\":\"https:\\\/\\\/janhbos.com\\\/es\\\/#website\",\"url\":\"https:\\\/\\\/janhbos.com\\\/es\\\/\",\"name\":\"Vliegen | Motorrijden | Reizen\",\"description\":\"Ac\u00e1 encuentras informaci\u00f3n sobre mis pasiones aviaci\u00f3n, motociclismo y viajes\",\"publisher\":{\"@id\":\"https:\\\/\\\/janhbos.com\\\/es\\\/#\\\/schema\\\/person\\\/6cf9b88b72b671281fabada776b5f211\"},\"potentialAction\":[{\"@type\":\"SearchAction\",\"target\":{\"@type\":\"EntryPoint\",\"urlTemplate\":\"https:\\\/\\\/janhbos.com\\\/es\\\/?s={search_term_string}\"},\"query-input\":{\"@type\":\"PropertyValueSpecification\",\"valueRequired\":true,\"valueName\":\"search_term_string\"}}],\"inLanguage\":\"es\"},{\"@type\":[\"Person\",\"Organization\"],\"@id\":\"https:\\\/\\\/janhbos.com\\\/es\\\/#\\\/schema\\\/person\\\/6cf9b88b72b671281fabada776b5f211\",\"name\":\"Jan Bos\",\"image\":{\"@type\":\"ImageObject\",\"inLanguage\":\"es\",\"@id\":\"https:\\\/\\\/janhbos.com\\\/wp-content\\\/litespeed\\\/avatar\\\/e39997fecfa7e45dc072fd58300a472f.jpg?ver=1776762508\",\"url\":\"https:\\\/\\\/janhbos.com\\\/wp-content\\\/litespeed\\\/avatar\\\/e39997fecfa7e45dc072fd58300a472f.jpg?ver=1776762508\",\"contentUrl\":\"https:\\\/\\\/janhbos.com\\\/wp-content\\\/litespeed\\\/avatar\\\/e39997fecfa7e45dc072fd58300a472f.jpg?ver=1776762508\",\"caption\":\"Jan Bos\"},\"logo\":{\"@id\":\"https:\\\/\\\/janhbos.com\\\/wp-content\\\/litespeed\\\/avatar\\\/e39997fecfa7e45dc072fd58300a472f.jpg?ver=1776762508\"}}]}<\/script>\n<!-- \/ Yoast SEO plugin. -->","yoast_head_json":{"title":"Aviaci\u00f3n - Aviaci\u00f3n | Motociclismo | Viajes","robots":{"index":"index","follow":"follow","max-snippet":"max-snippet:-1","max-image-preview":"max-image-preview:large","max-video-preview":"max-video-preview:-1"},"canonical":"https:\/\/janhbos.com\/es\/aviacion\/","og_locale":"es_ES","og_type":"article","og_title":"Aviaci\u00f3n - Aviaci\u00f3n | Motociclismo | Viajes","og_description":"aviaci\u00f3n Aviaci\u00f3n Introducci\u00f3n al Planear door Jan Bos 14\/05\/2020 door Jan Bos En este post podr\u00e1s leer m\u00e1s sobre el deslizamiento, un fant\u00e1stico deporte que ha afectado al resto de&hellip;","og_url":"https:\/\/janhbos.com\/es\/aviacion\/","og_site_name":"Aviaci\u00f3n | Motociclismo | Viajes","article_modified_time":"2020-10-05T12:01:31+00:00","twitter_card":"summary_large_image","schema":{"@context":"https:\/\/schema.org","@graph":[{"@type":"WebPage","@id":"https:\/\/janhbos.com\/es\/aviacion\/","url":"https:\/\/janhbos.com\/es\/aviacion\/","name":"Aviaci\u00f3n - Aviaci\u00f3n | Motociclismo | Viajes","isPartOf":{"@id":"https:\/\/janhbos.com\/es\/#website"},"datePublished":"2020-05-07T18:07:46+00:00","dateModified":"2020-10-05T12:01:31+00:00","breadcrumb":{"@id":"https:\/\/janhbos.com\/es\/aviacion\/#breadcrumb"},"inLanguage":"es","potentialAction":[{"@type":"ReadAction","target":["https:\/\/janhbos.com\/es\/aviacion\/"]}]},{"@type":"BreadcrumbList","@id":"https:\/\/janhbos.com\/es\/aviacion\/#breadcrumb","itemListElement":[{"@type":"ListItem","position":1,"name":"Home","item":"https:\/\/janhbos.com\/es\/"},{"@type":"ListItem","position":2,"name":"Aviaci\u00f3n"}]},{"@type":"WebSite","@id":"https:\/\/janhbos.com\/es\/#website","url":"https:\/\/janhbos.com\/es\/","name":"Vliegen | Motorrijden | Reizen","description":"Ac\u00e1 encuentras informaci\u00f3n sobre mis pasiones aviaci\u00f3n, motociclismo y viajes","publisher":{"@id":"https:\/\/janhbos.com\/es\/#\/schema\/person\/6cf9b88b72b671281fabada776b5f211"},"potentialAction":[{"@type":"SearchAction","target":{"@type":"EntryPoint","urlTemplate":"https:\/\/janhbos.com\/es\/?s={search_term_string}"},"query-input":{"@type":"PropertyValueSpecification","valueRequired":true,"valueName":"search_term_string"}}],"inLanguage":"es"},{"@type":["Person","Organization"],"@id":"https:\/\/janhbos.com\/es\/#\/schema\/person\/6cf9b88b72b671281fabada776b5f211","name":"Jan Bos","image":{"@type":"ImageObject","inLanguage":"es","@id":"https:\/\/janhbos.com\/wp-content\/litespeed\/avatar\/e39997fecfa7e45dc072fd58300a472f.jpg?ver=1776762508","url":"https:\/\/janhbos.com\/wp-content\/litespeed\/avatar\/e39997fecfa7e45dc072fd58300a472f.jpg?ver=1776762508","contentUrl":"https:\/\/janhbos.com\/wp-content\/litespeed\/avatar\/e39997fecfa7e45dc072fd58300a472f.jpg?ver=1776762508","caption":"Jan Bos"},"logo":{"@id":"https:\/\/janhbos.com\/wp-content\/litespeed\/avatar\/e39997fecfa7e45dc072fd58300a472f.jpg?ver=1776762508"}}]}},"_links":{"self":[{"href":"https:\/\/janhbos.com\/es\/wp-json\/wp\/v2\/pages\/1661","targetHints":{"allow":["GET"]}}],"collection":[{"href":"https:\/\/janhbos.com\/es\/wp-json\/wp\/v2\/pages"}],"about":[{"href":"https:\/\/janhbos.com\/es\/wp-json\/wp\/v2\/types\/page"}],"author":[{"embeddable":true,"href":"https:\/\/janhbos.com\/es\/wp-json\/wp\/v2\/users\/2"}],"replies":[{"embeddable":true,"href":"https:\/\/janhbos.com\/es\/wp-json\/wp\/v2\/comments?post=1661"}],"version-history":[{"count":0,"href":"https:\/\/janhbos.com\/es\/wp-json\/wp\/v2\/pages\/1661\/revisions"}],"wp:attachment":[{"href":"https:\/\/janhbos.com\/es\/wp-json\/wp\/v2\/media?parent=1661"}],"curies":[{"name":"wp","href":"https:\/\/api.w.org\/{rel}","templated":true}]}}