{"id":1683,"date":"2020-06-24T14:34:27","date_gmt":"2020-06-24T12:34:27","guid":{"rendered":"http:\/\/janhbos.com\/fotos\/"},"modified":"2020-10-04T19:34:53","modified_gmt":"2020-10-04T17:34:53","slug":"fotos","status":"publish","type":"page","link":"https:\/\/janhbos.com\/es\/fotos\/","title":{"rendered":"Fotos"},"content":{"rendered":"\t\t<div data-elementor-type=\"wp-page\" data-elementor-id=\"1683\" class=\"elementor elementor-1683 elementor-1300\">\n\t\t\t\t\t\t<section class=\"penci-section penci-enSticky penci-repons-elsection penci-con_sb2_sb1 penci-structure-10 elementor-section elementor-top-section elementor-element elementor-element-cf76a6d elementor-section-boxed elementor-section-height-default elementor-section-height-default\" data-id=\"cf76a6d\" data-element_type=\"section\" data-e-type=\"section\">\n\t\t\t\t\t\t<div class=\"elementor-container elementor-column-gap-default\">\n\t\t\t\t\t<div class=\"penci-ercol-100 penci-ercol-order-1 penci-sticky-ct    elementor-column elementor-col-100 elementor-top-column elementor-element elementor-element-5d32d4c\" data-id=\"5d32d4c\" data-element_type=\"column\" data-e-type=\"column\">\n\t\t\t<div class=\"elementor-widget-wrap elementor-element-populated\">\n\t\t\t\t\t\t<div class=\"elementor-element elementor-element-5f139d9 elementor-widget elementor-widget-penci-portfolio\" data-id=\"5f139d9\" data-element_type=\"widget\" data-e-type=\"widget\" data-widget_type=\"penci-portfolio.default\">\n\t\t\t\t<div class=\"elementor-widget-container\">\n\t\t\t\t\t            <div id=\"penci-portfolio--44470\" class=\"wrapper-penci-portfolio pcpt-normal-ftl\">\r\n\t\t\t\t\t\t\t\t\t                    <div class=\"penci-portfolio-filter\">\r\n                        <ul>\r\n                            <li class=\"all active\">\r\n                                <a data-term=\"*\" data-filter=\"*\" href=\"#\" class=\"alltext\">All<\/a>\r\n                            <\/li>\r\n\t\t\t\t\t\t\t<li><a data-filter=\".penci-aviacion\" data-term=\"aviacion\" data-tax=\"portfolio-category\" href=\"#\">Aviaci\u00f3n<\/a><\/li><li><a data-filter=\".penci-b747-400-es\" data-term=\"b747-400-es\" data-tax=\"portfolio-category\" href=\"#\">B747-400<\/a><\/li><li><a data-filter=\".penci-chile-es\" data-term=\"chile-es\" data-tax=\"portfolio-category\" href=\"#\">Chile<\/a><\/li><li><a data-filter=\".penci-cinque-terre-es\" data-term=\"cinque-terre-es\" data-tax=\"portfolio-category\" href=\"#\">Cinque Terre<\/a><\/li><li><a data-filter=\".penci-ducati-es\" data-term=\"ducati-es\" data-tax=\"portfolio-category\" href=\"#\">Ducati<\/a><\/li><li><a data-filter=\".penci-md11-es\" data-term=\"md11-es\" data-tax=\"portfolio-category\" href=\"#\">MD11<\/a><\/li><li><a data-filter=\".penci-motociclismo\" data-term=\"motociclismo\" data-tax=\"portfolio-category\" href=\"#\">Motociclismo<\/a><\/li><li><a data-filter=\".penci-planear\" data-term=\"planear\" data-tax=\"portfolio-category\" href=\"#\">Planear<\/a><\/li><li><a data-filter=\".penci-quito-es\" data-term=\"quito-es\" data-tax=\"portfolio-category\" href=\"#\">Quito<\/a><\/li><li><a data-filter=\".penci-roma\" data-term=\"roma\" data-tax=\"portfolio-category\" href=\"#\">Roma<\/a><\/li><li><a data-filter=\".penci-san-pedro-de-atacama-es\" data-term=\"san-pedro-de-atacama-es\" data-tax=\"portfolio-category\" href=\"#\">San Pedro de Atacama<\/a><\/li><li><a data-filter=\".penci-viajes\" data-term=\"viajes\" data-tax=\"portfolio-category\" href=\"#\">Viajes<\/a><\/li>                        <\/ul>\r\n                    <\/div><!-- .portfolio-filter -->\r\n                    <div class=\"clearfix\"><\/div>\r\n\t\t\t\t\t\t\t\t                <div id=\"penci-portfolio--44470\"\r\n                     class=\"penci-portfolio penci-portfolio-wrap column-3 penci-portfolio-text_overlay pcpt-normal-ftl\">\r\n                    <div class=\"inner-portfolio-posts\">\r\n\t\t\t\t\t\t\t\t\t\t\t\t\t                            <article class=\"portfolio-item penci-aviacion penci-planear\" id=\"portfolio-2251\"\r\n                                     data-pflID=\"2251\"\r\n                                     data-terms=\"aviacion planear\">\r\n                                <div class=\"inner-item-portfolio\">\r\n                                    <div class=\"info-portfolio\">\r\n                                        <div class=\"penci-portfolio-thumbnail\">\r\n\t\t\t\t\t\t\t\t\t\t\t                                            <a href=\"https:\/\/janhbos.com\/es\/portfolio\/planear\/\">\r\n\t\t\t\t\t\t\t\t\t\t\t\t\t\t\t\t\t\t\t\t\t\t\t\t\t<span class=\"penci-image-placeholder penci-lazy\" style=\"padding-bottom:66.66666667%;\" data-bgset=\"https:\/\/janhbos.com\/wp-content\/uploads\/2020\/05\/glider-ask21-zweefvliegen-e1589665299941.jpg\"><\/span>                                                <\/a>\r\n                                        <\/div>\r\n                                        <div class=\"portfolio-desc\">\r\n                                            <a href=\"https:\/\/janhbos.com\/es\/portfolio\/planear\/\">\r\n                                                <h3 class=\"portfolio-title\">Planear<\/h3>\r\n\t\t\t\t\t\t\t\t\t\t\t\t                                                    <span class=\"portfolio-cat\">Aviaci\u00f3n, Planear<\/span>\r\n\t\t\t\t\t\t\t\t\t\t\t\t                                            <\/a>\r\n                                        <\/div>\r\n                                    <\/div>\r\n                                <\/div>\r\n                            <\/article>\r\n\t\t\t\t\t\t\t\t\t\t\t\t\t                            <article class=\"portfolio-item penci-chile-es penci-san-pedro-de-atacama-es penci-viajes\" id=\"portfolio-2253\"\r\n                                     data-pflID=\"2253\"\r\n                                     data-terms=\"chile-es san-pedro-de-atacama-es viajes\">\r\n                                <div class=\"inner-item-portfolio\">\r\n                                    <div class=\"info-portfolio\">\r\n                                        <div class=\"penci-portfolio-thumbnail\">\r\n\t\t\t\t\t\t\t\t\t\t\t                                            <a href=\"https:\/\/janhbos.com\/es\/portfolio\/san-pedro-de-atacama\/\">\r\n\t\t\t\t\t\t\t\t\t\t\t\t\t\t\t\t\t\t\t\t\t\t\t\t\t<span class=\"penci-image-placeholder penci-lazy\" style=\"padding-bottom:59.14529915%;\" data-bgset=\"https:\/\/janhbos.com\/wp-content\/uploads\/2020\/06\/La-piedra-del-cotoyote.png\"><\/span>                                                <\/a>\r\n                                        <\/div>\r\n                                        <div class=\"portfolio-desc\">\r\n                                            <a href=\"https:\/\/janhbos.com\/es\/portfolio\/san-pedro-de-atacama\/\">\r\n                                                <h3 class=\"portfolio-title\">San Pedro de Atacama<\/h3>\r\n\t\t\t\t\t\t\t\t\t\t\t\t                                                    <span class=\"portfolio-cat\">Chile, San Pedro de Atacama, Viajes<\/span>\r\n\t\t\t\t\t\t\t\t\t\t\t\t                                            <\/a>\r\n                                        <\/div>\r\n                                    <\/div>\r\n                                <\/div>\r\n                            <\/article>\r\n\t\t\t\t\t\t\t\t\t\t\t\t\t                            <article class=\"portfolio-item penci-quito-es penci-viajes\" id=\"portfolio-2255\"\r\n                                     data-pflID=\"2255\"\r\n                                     data-terms=\"quito-es viajes\">\r\n                                <div class=\"inner-item-portfolio\">\r\n                                    <div class=\"info-portfolio\">\r\n                                        <div class=\"penci-portfolio-thumbnail\">\r\n\t\t\t\t\t\t\t\t\t\t\t                                            <a href=\"https:\/\/janhbos.com\/es\/portfolio\/quito\/\">\r\n\t\t\t\t\t\t\t\t\t\t\t\t\t\t\t\t\t\t\t\t\t\t\t\t\t<span class=\"penci-image-placeholder penci-lazy\" style=\"padding-bottom:66.66666667%;\" data-bgset=\"https:\/\/janhbos.com\/wp-content\/uploads\/2020\/05\/quito-palacio-de-gobierno.png\"><\/span>                                                <\/a>\r\n                                        <\/div>\r\n                                        <div class=\"portfolio-desc\">\r\n                                            <a href=\"https:\/\/janhbos.com\/es\/portfolio\/quito\/\">\r\n                                                <h3 class=\"portfolio-title\">Quito<\/h3>\r\n\t\t\t\t\t\t\t\t\t\t\t\t                                                    <span class=\"portfolio-cat\">Quito, Viajes<\/span>\r\n\t\t\t\t\t\t\t\t\t\t\t\t                                            <\/a>\r\n                                        <\/div>\r\n                                    <\/div>\r\n                                <\/div>\r\n                            <\/article>\r\n\t\t\t\t\t\t\t\t\t\t\t\t\t                            <article class=\"portfolio-item penci-aviacion penci-md11-es\" id=\"portfolio-2257\"\r\n                                     data-pflID=\"2257\"\r\n                                     data-terms=\"aviacion md11-es\">\r\n                                <div class=\"inner-item-portfolio\">\r\n                                    <div class=\"info-portfolio\">\r\n                                        <div class=\"penci-portfolio-thumbnail\">\r\n\t\t\t\t\t\t\t\t\t\t\t                                            <a href=\"https:\/\/janhbos.com\/es\/portfolio\/md11\/\">\r\n\t\t\t\t\t\t\t\t\t\t\t\t\t\t\t\t\t\t\t\t\t\t\t\t\t<span class=\"penci-image-placeholder penci-lazy\" style=\"padding-bottom:64.78632479%;\" data-bgset=\"https:\/\/janhbos.com\/wp-content\/uploads\/2020\/05\/vliegen-martinair-md11-flying-airplane-e1589217486832.jpeg\"><\/span>                                                <\/a>\r\n                                        <\/div>\r\n                                        <div class=\"portfolio-desc\">\r\n                                            <a href=\"https:\/\/janhbos.com\/es\/portfolio\/md11\/\">\r\n                                                <h3 class=\"portfolio-title\">MD11<\/h3>\r\n\t\t\t\t\t\t\t\t\t\t\t\t                                                    <span class=\"portfolio-cat\">Aviaci\u00f3n, MD11<\/span>\r\n\t\t\t\t\t\t\t\t\t\t\t\t                                            <\/a>\r\n                                        <\/div>\r\n                                    <\/div>\r\n                                <\/div>\r\n                            <\/article>\r\n\t\t\t\t\t\t\t\t\t\t\t\t\t                            <article class=\"portfolio-item penci-aviacion penci-b747-400-es\" id=\"portfolio-2260\"\r\n                                     data-pflID=\"2260\"\r\n                                     data-terms=\"aviacion b747-400-es\">\r\n                                <div class=\"inner-item-portfolio\">\r\n                                    <div class=\"info-portfolio\">\r\n                                        <div class=\"penci-portfolio-thumbnail\">\r\n\t\t\t\t\t\t\t\t\t\t\t                                            <a href=\"https:\/\/janhbos.com\/es\/portfolio\/b747-400\/\">\r\n\t\t\t\t\t\t\t\t\t\t\t\t\t\t\t\t\t\t\t\t\t\t\t\t\t<span class=\"penci-image-placeholder penci-lazy\" style=\"padding-bottom:66.49572650%;\" data-bgset=\"https:\/\/janhbos.com\/wp-content\/uploads\/2020\/05\/IMG_6670-scaled-e1589323713322.jpeg\"><\/span>                                                <\/a>\r\n                                        <\/div>\r\n                                        <div class=\"portfolio-desc\">\r\n                                            <a href=\"https:\/\/janhbos.com\/es\/portfolio\/b747-400\/\">\r\n                                                <h3 class=\"portfolio-title\">B747-400<\/h3>\r\n\t\t\t\t\t\t\t\t\t\t\t\t                                                    <span class=\"portfolio-cat\">Aviaci\u00f3n, B747-400<\/span>\r\n\t\t\t\t\t\t\t\t\t\t\t\t                                            <\/a>\r\n                                        <\/div>\r\n                                    <\/div>\r\n                                <\/div>\r\n                            <\/article>\r\n\t\t\t\t\t\t\t\t\t\t\t\t\t                            <article class=\"portfolio-item penci-roma penci-viajes\" id=\"portfolio-2249\"\r\n                                     data-pflID=\"2249\"\r\n                                     data-terms=\"roma viajes\">\r\n                                <div class=\"inner-item-portfolio\">\r\n                                    <div class=\"info-portfolio\">\r\n                                        <div class=\"penci-portfolio-thumbnail\">\r\n\t\t\t\t\t\t\t\t\t\t\t                                            <a href=\"https:\/\/janhbos.com\/es\/portfolio\/roma\/\">\r\n\t\t\t\t\t\t\t\t\t\t\t\t\t\t\t\t\t\t\t\t\t\t\t\t\t<span class=\"penci-image-placeholder penci-lazy\" style=\"padding-bottom:66.32478632%;\" data-bgset=\"https:\/\/janhbos.com\/wp-content\/uploads\/2020\/06\/rome-forum-romanum-night-585x388.jpg\"><\/span>                                                <\/a>\r\n                                        <\/div>\r\n                                        <div class=\"portfolio-desc\">\r\n                                            <a href=\"https:\/\/janhbos.com\/es\/portfolio\/roma\/\">\r\n                                                <h3 class=\"portfolio-title\">Roma<\/h3>\r\n\t\t\t\t\t\t\t\t\t\t\t\t                                                    <span class=\"portfolio-cat\">Roma, Viajes<\/span>\r\n\t\t\t\t\t\t\t\t\t\t\t\t                                            <\/a>\r\n                                        <\/div>\r\n                                    <\/div>\r\n                                <\/div>\r\n                            <\/article>\r\n\t\t\t\t\t\t                    <\/div>\r\n\t\t\t\t\t                <\/div>\r\n\r\n                <div class=\"penci-pagenavi-shortcode\">\r\n\t\t\t\t\t<div class=\"penci-pagination align-left\"><ul class='page-numbers'>\n\t<li><span aria-current=\"page\" class=\"page-numbers current\">1<\/span><\/li>\n\t<li><a class=\"page-numbers\" href=\"https:\/\/janhbos.com\/es\/wp-json\/wp\/v2\/pages\/1683\/page\/2\/\">2<\/a><\/li>\n\t<li><a class=\"next page-numbers\" href=\"https:\/\/janhbos.com\/es\/wp-json\/wp\/v2\/pages\/1683\/page\/2\/\"><i class=\"penci-faicon fa fa-angle-right\" ><\/i><\/a><\/li>\n<\/ul>\n<\/div>                <\/div>\r\n\t\t\t\t                <script type=\"text\/javascript\">\r\n                    portfolioDataJs.push( {\"instanceId\":\"penci-portfolio--44470\",\"atts\":{\"style\":\"masonry\",\"image_type\":\"landscape\",\"item_style\":\"text_overlay\",\"column\":\"3\",\"pagination\":\"number\",\"numbermore\":6,\"filter\":\"true\",\"lightbox\":\"false\",\"elementor_query\":{\"orderby\":\"date\",\"order\":\"desc\",\"ignore_sticky_posts\":1,\"post_status\":\"publish\",\"post__not_in\":[],\"post_type\":\"portfolio\",\"posts_per_page\":6,\"tax_query\":[]}},\"query\":{\"orderby\":\"date\",\"order\":\"desc\",\"ignore_sticky_posts\":1,\"post_status\":\"publish\",\"post__not_in\":[],\"post_type\":\"portfolio\",\"posts_per_page\":6,\"tax_query\":[]},\"layout\":\"masonry\",\"imagetype\":\"landscape\",\"count\":24,\"countByTerms\":{\"aviacion\":3,\"b747-400-es\":1,\"chile-es\":1,\"cinque-terre-es\":1,\"ducati-es\":1,\"md11-es\":1,\"motociclismo\":1,\"planear\":1,\"quito-es\":1,\"roma\":1,\"san-pedro-de-atacama-es\":1,\"viajes\":4},\"currentTerm\":\"*\",\"currentTax\":\"portfolio-category\",\"lightbox\":\"false\"} );\r\n                <\/script>\r\n            <\/div>\r\n\r\n\t\t\t\t\t\t\t<\/div>\n\t\t\t\t<\/div>\n\t\t\t\t\t<\/div>\n\t\t<\/div>\n\t\t\t\t\t<\/div>\n\t\t<\/section>\n\t\t\t\t<\/div>\n\t\t","protected":false},"excerpt":{"rendered":"<p>All Motoren Reizen Vliegen Zweefvliegen Vliegen, Zweefvliegen San Pedro de Atacama Chili, Reizen, San Pedro de Atacama Quito Quito, Reizen MD11 MD11, Vliegen B747-400 B747-400, Vliegen Rome Reizen, Rome Cinque&hellip;<\/p>\n","protected":false},"author":2,"featured_media":0,"parent":0,"menu_order":0,"comment_status":"closed","ping_status":"closed","template":"elementor_header_footer","meta":{"_lmt_disableupdate":"","_lmt_disable":"","footnotes":""},"class_list":["post-1683","page","type-page","status-publish","hentry"],"yoast_head":"<!-- This site is optimized with the Yoast SEO plugin v27.4 - https:\/\/yoast.com\/product\/yoast-seo-wordpress\/ -->\n<title>Fotos - Aviaci\u00f3n | Motociclismo | Viajes<\/title>\n<meta name=\"robots\" content=\"index, follow, max-snippet:-1, max-image-preview:large, max-video-preview:-1\" \/>\n<link rel=\"canonical\" href=\"https:\/\/janhbos.com\/es\/fotos\/\" \/>\n<meta property=\"og:locale\" content=\"es_ES\" \/>\n<meta property=\"og:type\" content=\"article\" \/>\n<meta property=\"og:title\" content=\"Fotos - Aviaci\u00f3n | Motociclismo | Viajes\" \/>\n<meta property=\"og:description\" content=\"All Motoren Reizen Vliegen Zweefvliegen Vliegen, Zweefvliegen San Pedro de Atacama Chili, Reizen, San Pedro de Atacama Quito Quito, Reizen MD11 MD11, Vliegen B747-400 B747-400, Vliegen Rome Reizen, Rome Cinque&hellip;\" \/>\n<meta property=\"og:url\" content=\"https:\/\/janhbos.com\/es\/fotos\/\" \/>\n<meta property=\"og:site_name\" content=\"Aviaci\u00f3n | Motociclismo | Viajes\" \/>\n<meta property=\"article:modified_time\" content=\"2020-10-04T17:34:53+00:00\" \/>\n<meta property=\"og:image\" content=\"http:\/\/janhbos.com\/wp-content\/uploads\/2020\/05\/glider-ask21-zweefvliegen-e1589665299941.jpg\" \/>\n<meta name=\"twitter:card\" content=\"summary_large_image\" \/>\n<script type=\"application\/ld+json\" class=\"yoast-schema-graph\">{\"@context\":\"https:\\\/\\\/schema.org\",\"@graph\":[{\"@type\":\"WebPage\",\"@id\":\"https:\\\/\\\/janhbos.com\\\/es\\\/fotos\\\/\",\"url\":\"https:\\\/\\\/janhbos.com\\\/es\\\/fotos\\\/\",\"name\":\"Fotos - Aviaci\u00f3n | Motociclismo | Viajes\",\"isPartOf\":{\"@id\":\"https:\\\/\\\/janhbos.com\\\/es\\\/#website\"},\"primaryImageOfPage\":{\"@id\":\"https:\\\/\\\/janhbos.com\\\/es\\\/fotos\\\/#primaryimage\"},\"image\":{\"@id\":\"https:\\\/\\\/janhbos.com\\\/es\\\/fotos\\\/#primaryimage\"},\"thumbnailUrl\":\"http:\\\/\\\/janhbos.com\\\/wp-content\\\/uploads\\\/2020\\\/05\\\/glider-ask21-zweefvliegen-e1589665299941.jpg\",\"datePublished\":\"2020-06-24T12:34:27+00:00\",\"dateModified\":\"2020-10-04T17:34:53+00:00\",\"breadcrumb\":{\"@id\":\"https:\\\/\\\/janhbos.com\\\/es\\\/fotos\\\/#breadcrumb\"},\"inLanguage\":\"es\",\"potentialAction\":[{\"@type\":\"ReadAction\",\"target\":[\"https:\\\/\\\/janhbos.com\\\/es\\\/fotos\\\/\"]}]},{\"@type\":\"ImageObject\",\"inLanguage\":\"es\",\"@id\":\"https:\\\/\\\/janhbos.com\\\/es\\\/fotos\\\/#primaryimage\",\"url\":\"http:\\\/\\\/janhbos.com\\\/wp-content\\\/uploads\\\/2020\\\/05\\\/glider-ask21-zweefvliegen-e1589665299941.jpg\",\"contentUrl\":\"http:\\\/\\\/janhbos.com\\\/wp-content\\\/uploads\\\/2020\\\/05\\\/glider-ask21-zweefvliegen-e1589665299941.jpg\"},{\"@type\":\"BreadcrumbList\",\"@id\":\"https:\\\/\\\/janhbos.com\\\/es\\\/fotos\\\/#breadcrumb\",\"itemListElement\":[{\"@type\":\"ListItem\",\"position\":1,\"name\":\"Home\",\"item\":\"https:\\\/\\\/janhbos.com\\\/es\\\/\"},{\"@type\":\"ListItem\",\"position\":2,\"name\":\"Fotos\"}]},{\"@type\":\"WebSite\",\"@id\":\"https:\\\/\\\/janhbos.com\\\/es\\\/#website\",\"url\":\"https:\\\/\\\/janhbos.com\\\/es\\\/\",\"name\":\"Vliegen | Motorrijden | Reizen\",\"description\":\"Ac\u00e1 encuentras informaci\u00f3n sobre mis pasiones aviaci\u00f3n, motociclismo y viajes\",\"publisher\":{\"@id\":\"https:\\\/\\\/janhbos.com\\\/es\\\/#\\\/schema\\\/person\\\/6cf9b88b72b671281fabada776b5f211\"},\"potentialAction\":[{\"@type\":\"SearchAction\",\"target\":{\"@type\":\"EntryPoint\",\"urlTemplate\":\"https:\\\/\\\/janhbos.com\\\/es\\\/?s={search_term_string}\"},\"query-input\":{\"@type\":\"PropertyValueSpecification\",\"valueRequired\":true,\"valueName\":\"search_term_string\"}}],\"inLanguage\":\"es\"},{\"@type\":[\"Person\",\"Organization\"],\"@id\":\"https:\\\/\\\/janhbos.com\\\/es\\\/#\\\/schema\\\/person\\\/6cf9b88b72b671281fabada776b5f211\",\"name\":\"Jan Bos\",\"image\":{\"@type\":\"ImageObject\",\"inLanguage\":\"es\",\"@id\":\"https:\\\/\\\/janhbos.com\\\/wp-content\\\/litespeed\\\/avatar\\\/e39997fecfa7e45dc072fd58300a472f.jpg?ver=1776157489\",\"url\":\"https:\\\/\\\/janhbos.com\\\/wp-content\\\/litespeed\\\/avatar\\\/e39997fecfa7e45dc072fd58300a472f.jpg?ver=1776157489\",\"contentUrl\":\"https:\\\/\\\/janhbos.com\\\/wp-content\\\/litespeed\\\/avatar\\\/e39997fecfa7e45dc072fd58300a472f.jpg?ver=1776157489\",\"caption\":\"Jan Bos\"},\"logo\":{\"@id\":\"https:\\\/\\\/janhbos.com\\\/wp-content\\\/litespeed\\\/avatar\\\/e39997fecfa7e45dc072fd58300a472f.jpg?ver=1776157489\"}}]}<\/script>\n<!-- \/ Yoast SEO plugin. -->","yoast_head_json":{"title":"Fotos - Aviaci\u00f3n | Motociclismo | Viajes","robots":{"index":"index","follow":"follow","max-snippet":"max-snippet:-1","max-image-preview":"max-image-preview:large","max-video-preview":"max-video-preview:-1"},"canonical":"https:\/\/janhbos.com\/es\/fotos\/","og_locale":"es_ES","og_type":"article","og_title":"Fotos - Aviaci\u00f3n | Motociclismo | Viajes","og_description":"All Motoren Reizen Vliegen Zweefvliegen Vliegen, Zweefvliegen San Pedro de Atacama Chili, Reizen, San Pedro de Atacama Quito Quito, Reizen MD11 MD11, Vliegen B747-400 B747-400, Vliegen Rome Reizen, Rome Cinque&hellip;","og_url":"https:\/\/janhbos.com\/es\/fotos\/","og_site_name":"Aviaci\u00f3n | Motociclismo | Viajes","article_modified_time":"2020-10-04T17:34:53+00:00","og_image":[{"url":"http:\/\/janhbos.com\/wp-content\/uploads\/2020\/05\/glider-ask21-zweefvliegen-e1589665299941.jpg","type":"","width":"","height":""}],"twitter_card":"summary_large_image","schema":{"@context":"https:\/\/schema.org","@graph":[{"@type":"WebPage","@id":"https:\/\/janhbos.com\/es\/fotos\/","url":"https:\/\/janhbos.com\/es\/fotos\/","name":"Fotos - Aviaci\u00f3n | Motociclismo | Viajes","isPartOf":{"@id":"https:\/\/janhbos.com\/es\/#website"},"primaryImageOfPage":{"@id":"https:\/\/janhbos.com\/es\/fotos\/#primaryimage"},"image":{"@id":"https:\/\/janhbos.com\/es\/fotos\/#primaryimage"},"thumbnailUrl":"http:\/\/janhbos.com\/wp-content\/uploads\/2020\/05\/glider-ask21-zweefvliegen-e1589665299941.jpg","datePublished":"2020-06-24T12:34:27+00:00","dateModified":"2020-10-04T17:34:53+00:00","breadcrumb":{"@id":"https:\/\/janhbos.com\/es\/fotos\/#breadcrumb"},"inLanguage":"es","potentialAction":[{"@type":"ReadAction","target":["https:\/\/janhbos.com\/es\/fotos\/"]}]},{"@type":"ImageObject","inLanguage":"es","@id":"https:\/\/janhbos.com\/es\/fotos\/#primaryimage","url":"http:\/\/janhbos.com\/wp-content\/uploads\/2020\/05\/glider-ask21-zweefvliegen-e1589665299941.jpg","contentUrl":"http:\/\/janhbos.com\/wp-content\/uploads\/2020\/05\/glider-ask21-zweefvliegen-e1589665299941.jpg"},{"@type":"BreadcrumbList","@id":"https:\/\/janhbos.com\/es\/fotos\/#breadcrumb","itemListElement":[{"@type":"ListItem","position":1,"name":"Home","item":"https:\/\/janhbos.com\/es\/"},{"@type":"ListItem","position":2,"name":"Fotos"}]},{"@type":"WebSite","@id":"https:\/\/janhbos.com\/es\/#website","url":"https:\/\/janhbos.com\/es\/","name":"Vliegen | Motorrijden | Reizen","description":"Ac\u00e1 encuentras informaci\u00f3n sobre mis pasiones aviaci\u00f3n, motociclismo y viajes","publisher":{"@id":"https:\/\/janhbos.com\/es\/#\/schema\/person\/6cf9b88b72b671281fabada776b5f211"},"potentialAction":[{"@type":"SearchAction","target":{"@type":"EntryPoint","urlTemplate":"https:\/\/janhbos.com\/es\/?s={search_term_string}"},"query-input":{"@type":"PropertyValueSpecification","valueRequired":true,"valueName":"search_term_string"}}],"inLanguage":"es"},{"@type":["Person","Organization"],"@id":"https:\/\/janhbos.com\/es\/#\/schema\/person\/6cf9b88b72b671281fabada776b5f211","name":"Jan Bos","image":{"@type":"ImageObject","inLanguage":"es","@id":"https:\/\/janhbos.com\/wp-content\/litespeed\/avatar\/e39997fecfa7e45dc072fd58300a472f.jpg?ver=1776157489","url":"https:\/\/janhbos.com\/wp-content\/litespeed\/avatar\/e39997fecfa7e45dc072fd58300a472f.jpg?ver=1776157489","contentUrl":"https:\/\/janhbos.com\/wp-content\/litespeed\/avatar\/e39997fecfa7e45dc072fd58300a472f.jpg?ver=1776157489","caption":"Jan Bos"},"logo":{"@id":"https:\/\/janhbos.com\/wp-content\/litespeed\/avatar\/e39997fecfa7e45dc072fd58300a472f.jpg?ver=1776157489"}}]}},"_links":{"self":[{"href":"https:\/\/janhbos.com\/es\/wp-json\/wp\/v2\/pages\/1683","targetHints":{"allow":["GET"]}}],"collection":[{"href":"https:\/\/janhbos.com\/es\/wp-json\/wp\/v2\/pages"}],"about":[{"href":"https:\/\/janhbos.com\/es\/wp-json\/wp\/v2\/types\/page"}],"author":[{"embeddable":true,"href":"https:\/\/janhbos.com\/es\/wp-json\/wp\/v2\/users\/2"}],"replies":[{"embeddable":true,"href":"https:\/\/janhbos.com\/es\/wp-json\/wp\/v2\/comments?post=1683"}],"version-history":[{"count":0,"href":"https:\/\/janhbos.com\/es\/wp-json\/wp\/v2\/pages\/1683\/revisions"}],"wp:attachment":[{"href":"https:\/\/janhbos.com\/es\/wp-json\/wp\/v2\/media?parent=1683"}],"curies":[{"name":"wp","href":"https:\/\/api.w.org\/{rel}","templated":true}]}}