{"id":2021,"date":"2020-05-13T11:49:56","date_gmt":"2020-05-13T09:49:56","guid":{"rendered":"http:\/\/janhbos.com\/politica-de-privacidad\/"},"modified":"2020-10-09T22:57:26","modified_gmt":"2020-10-09T20:57:26","slug":"politica-de-privacidad","status":"publish","type":"page","link":"https:\/\/janhbos.com\/es\/politica-de-privacidad\/","title":{"rendered":"Pol\u00edtica de privacidad"},"content":{"rendered":"\n<p><strong>Pol\u00edtica de privacidad<\/strong> para JANHBOS.COM, propietario de Jan H. Bos<\/p>\n\n\n\n<p>\n          <strong>1) Salvaguardar la privacidad<\/strong>\n        <\/p>\n\n\n\n<p>Garantizar la privacidad de los visitantes es una tarea importante para nosotros. Es por eso que describimos en nuestra pol\u00edtica de privacidad qu\u00e9 informaci\u00f3n recopilamos y c\u00f3mo la usamos.<\/p>\n\n\n\n<p>\n          <strong>2) Consentimiento<\/strong>\n        <\/p>\n\n\n\n<p>Al utilizar la informaci\u00f3n y los servicios de JANHBOS.COM, usted acepta nuestra pol\u00edtica de privacidad y los t\u00e9rminos que hemos incluido en ella.<\/p>\n\n\n\n<p>\n          <strong>3) Preguntas<\/strong>\n        <\/p>\n\n\n\n<p>Si desea recibir m\u00e1s informaci\u00f3n o tiene preguntas sobre la pol\u00edtica de privacidad de JANHBOS.COM, p\u00f3ngase en contacto con nosotros por correo electr\u00f3nico. Nuestra direcci\u00f3n de correo electr\u00f3nico est\u00e1 jan@janhbos.com.<\/p>\n\n\n\n<p>\n          <strong>4) Monitorea el comportamiento de los visitantes<\/strong>\n        <\/p>\n\n\n\n<p>JANHBOS.COM utiliza diferentes t\u00e9cnicas para realizar un seguimiento de qui\u00e9n visita el sitio web, c\u00f3mo se comporta este visitante en el sitio web y qu\u00e9 p\u00e1ginas se visitan. Esa es una forma com\u00fan de trabajar para sitios web porque proporciona informaci\u00f3n que contribuye a la calidad de la experiencia del usuario. La informaci\u00f3n que registramos, a trav\u00e9s de cookies, incluye direcciones IP, el tipo de navegador y las p\u00e1ginas visitadas.<\/p>\n\n\n\n<p>Tambi\u00e9n supervisamos d\u00f3nde los visitantes visitan el sitio web por primera vez y desde qu\u00e9 p\u00e1gina salen. Mantenemos esta informaci\u00f3n de forma an\u00f3nima y no estamos vinculados a otra informaci\u00f3n personal.<\/p>\n\n\n\n<p>\n          <strong>5) Uso de cookies<\/strong>\n        <\/p>\n\n\n\n<p>JANHBOS.COM coloca galletas con los visitantes. Para obtener informaci\u00f3n completa sobre las cookies, <a href=\"http:\/\/janhbos.com\/es\/cookiebeleid-eu\">visite LA POL\u00cdTICA DE COOKIE.<\/a><\/p>\n\n\n\n<p>\n          <strong>6) Desactivar Las Cookies<\/strong>\n        <\/p>\n\n\n\n<p>Puede optar por desactivar las cookies. Para ello, haga una elecci\u00f3n en la ventana emergente de cookies, en <a href=\"http:\/\/janhbos.com\/es\/cookiebeleid-eu\">la pol\u00edtica de COOKIE<\/a> o utilizando las capacidades de su navegador. Puede encontrar m\u00e1s informaci\u00f3n sobre estas funciones en el sitio web de su proveedor de navegador.<\/p>\n\n\n\n<p>\n          <strong>7) Programa de afiliados de Amazon<\/strong>\n        <\/p>\n\n\n\n<p>Como asociado de Amazon, gano dinero con ventas calificadas. Estos pueden ser reconocidos por el anuncio (anuncio).<\/p>\n\n\n\n<h2 class=\"has-text-align-center wp-block-heading\"><br>General<\/h2>\n\n\n\n<p><br><strong>T\u00e9rminos y condiciones para<\/strong> JANHBOS.COM<\/p>\n\n\n\n<p>En esta p\u00e1gina encontrar\u00e1 los t\u00e9rminos y condiciones de JANHBOS.COM, tal y como puso a disposici\u00f3n Jan H. Bos. En estos t\u00e9rminos y condiciones indicamos bajo qu\u00e9 reserva le ofrecemos la informaci\u00f3n en nuestro sitio web.<\/p>\n\n\n\n<p>\n          <strong>Intelectual<\/strong>\n        <\/p>\n\n\n\n<p>El uso de la informaci\u00f3n en este sitio web es gratuito siempre y cuando usted no copie, difunda o utilice o utilice de otra manera esta informaci\u00f3n. Solo puede reutilizar la informaci\u00f3n de este sitio web de acuerdo con las reglas de la ley obligatoria.<\/p>\n\n\n\n<p>Sin permiso expreso por escrito, no est\u00e1 permitido reutilizar texto, material fotogr\u00e1fico u otros materiales en este sitio web. La propiedad intelectual recae en Jan H. Bos.<\/p>\n\n\n\n<p>\n          <strong>Cambios<\/strong>\n        <\/p>\n\n\n\n<p>En caso de que estos t\u00e9rminos y condiciones cambien, encontrar\u00e1 la versi\u00f3n m\u00e1s reciente del descargo de responsabilidad en esta p\u00e1gina.<\/p>\n","protected":false},"excerpt":{"rendered":"<p>Pol\u00edtica de privacidad para JANHBOS.COM, propietario de Jan H. Bos 1) Salvaguardar la privacidad Garantizar la privacidad de los visitantes es una tarea importante para nosotros. Es por eso que&hellip;<\/p>\n","protected":false},"author":2,"featured_media":0,"parent":0,"menu_order":0,"comment_status":"closed","ping_status":"closed","template":"","meta":{"_lmt_disableupdate":"","_lmt_disable":"","footnotes":""},"class_list":["post-2021","page","type-page","status-publish","hentry"],"yoast_head":"<!-- This site is optimized with the Yoast SEO plugin v27.4 - https:\/\/yoast.com\/product\/yoast-seo-wordpress\/ -->\n<title>Pol\u00edtica de privacidad - Aviaci\u00f3n | Motociclismo | Viajes<\/title>\n<meta name=\"robots\" content=\"index, follow, max-snippet:-1, max-image-preview:large, max-video-preview:-1\" \/>\n<link rel=\"canonical\" href=\"https:\/\/janhbos.com\/es\/politica-de-privacidad\/\" \/>\n<meta property=\"og:locale\" content=\"es_ES\" \/>\n<meta property=\"og:type\" content=\"article\" \/>\n<meta property=\"og:title\" content=\"Pol\u00edtica de privacidad - Aviaci\u00f3n | Motociclismo | Viajes\" \/>\n<meta property=\"og:description\" content=\"Pol\u00edtica de privacidad para JANHBOS.COM, propietario de Jan H. Bos 1) Salvaguardar la privacidad Garantizar la privacidad de los visitantes es una tarea importante para nosotros. Es por eso que&hellip;\" \/>\n<meta property=\"og:url\" content=\"https:\/\/janhbos.com\/es\/politica-de-privacidad\/\" \/>\n<meta property=\"og:site_name\" content=\"Aviaci\u00f3n | Motociclismo | Viajes\" \/>\n<meta property=\"article:modified_time\" content=\"2020-10-09T20:57:26+00:00\" \/>\n<meta name=\"twitter:card\" content=\"summary_large_image\" \/>\n<meta name=\"twitter:label1\" content=\"Tiempo de lectura\" \/>\n\t<meta name=\"twitter:data1\" content=\"2 minutos\" \/>\n<script type=\"application\/ld+json\" class=\"yoast-schema-graph\">{\"@context\":\"https:\\\/\\\/schema.org\",\"@graph\":[{\"@type\":\"WebPage\",\"@id\":\"https:\\\/\\\/janhbos.com\\\/es\\\/politica-de-privacidad\\\/\",\"url\":\"https:\\\/\\\/janhbos.com\\\/es\\\/politica-de-privacidad\\\/\",\"name\":\"Pol\u00edtica de privacidad - Aviaci\u00f3n | Motociclismo | Viajes\",\"isPartOf\":{\"@id\":\"https:\\\/\\\/janhbos.com\\\/es\\\/#website\"},\"datePublished\":\"2020-05-13T09:49:56+00:00\",\"dateModified\":\"2020-10-09T20:57:26+00:00\",\"breadcrumb\":{\"@id\":\"https:\\\/\\\/janhbos.com\\\/es\\\/politica-de-privacidad\\\/#breadcrumb\"},\"inLanguage\":\"es\",\"potentialAction\":[{\"@type\":\"ReadAction\",\"target\":[\"https:\\\/\\\/janhbos.com\\\/es\\\/politica-de-privacidad\\\/\"]}]},{\"@type\":\"BreadcrumbList\",\"@id\":\"https:\\\/\\\/janhbos.com\\\/es\\\/politica-de-privacidad\\\/#breadcrumb\",\"itemListElement\":[{\"@type\":\"ListItem\",\"position\":1,\"name\":\"Home\",\"item\":\"https:\\\/\\\/janhbos.com\\\/es\\\/\"},{\"@type\":\"ListItem\",\"position\":2,\"name\":\"Pol\u00edtica de privacidad\"}]},{\"@type\":\"WebSite\",\"@id\":\"https:\\\/\\\/janhbos.com\\\/es\\\/#website\",\"url\":\"https:\\\/\\\/janhbos.com\\\/es\\\/\",\"name\":\"Vliegen | Motorrijden | Reizen\",\"description\":\"Ac\u00e1 encuentras informaci\u00f3n sobre mis pasiones aviaci\u00f3n, motociclismo y viajes\",\"publisher\":{\"@id\":\"https:\\\/\\\/janhbos.com\\\/es\\\/#\\\/schema\\\/person\\\/6cf9b88b72b671281fabada776b5f211\"},\"potentialAction\":[{\"@type\":\"SearchAction\",\"target\":{\"@type\":\"EntryPoint\",\"urlTemplate\":\"https:\\\/\\\/janhbos.com\\\/es\\\/?s={search_term_string}\"},\"query-input\":{\"@type\":\"PropertyValueSpecification\",\"valueRequired\":true,\"valueName\":\"search_term_string\"}}],\"inLanguage\":\"es\"},{\"@type\":[\"Person\",\"Organization\"],\"@id\":\"https:\\\/\\\/janhbos.com\\\/es\\\/#\\\/schema\\\/person\\\/6cf9b88b72b671281fabada776b5f211\",\"name\":\"Jan Bos\",\"image\":{\"@type\":\"ImageObject\",\"inLanguage\":\"es\",\"@id\":\"https:\\\/\\\/janhbos.com\\\/wp-content\\\/litespeed\\\/avatar\\\/e39997fecfa7e45dc072fd58300a472f.jpg?ver=1776157489\",\"url\":\"https:\\\/\\\/janhbos.com\\\/wp-content\\\/litespeed\\\/avatar\\\/e39997fecfa7e45dc072fd58300a472f.jpg?ver=1776157489\",\"contentUrl\":\"https:\\\/\\\/janhbos.com\\\/wp-content\\\/litespeed\\\/avatar\\\/e39997fecfa7e45dc072fd58300a472f.jpg?ver=1776157489\",\"caption\":\"Jan Bos\"},\"logo\":{\"@id\":\"https:\\\/\\\/janhbos.com\\\/wp-content\\\/litespeed\\\/avatar\\\/e39997fecfa7e45dc072fd58300a472f.jpg?ver=1776157489\"}}]}<\/script>\n<!-- \/ Yoast SEO plugin. -->","yoast_head_json":{"title":"Pol\u00edtica de privacidad - Aviaci\u00f3n | Motociclismo | Viajes","robots":{"index":"index","follow":"follow","max-snippet":"max-snippet:-1","max-image-preview":"max-image-preview:large","max-video-preview":"max-video-preview:-1"},"canonical":"https:\/\/janhbos.com\/es\/politica-de-privacidad\/","og_locale":"es_ES","og_type":"article","og_title":"Pol\u00edtica de privacidad - Aviaci\u00f3n | Motociclismo | Viajes","og_description":"Pol\u00edtica de privacidad para JANHBOS.COM, propietario de Jan H. Bos 1) Salvaguardar la privacidad Garantizar la privacidad de los visitantes es una tarea importante para nosotros. Es por eso que&hellip;","og_url":"https:\/\/janhbos.com\/es\/politica-de-privacidad\/","og_site_name":"Aviaci\u00f3n | Motociclismo | Viajes","article_modified_time":"2020-10-09T20:57:26+00:00","twitter_card":"summary_large_image","twitter_misc":{"Tiempo de lectura":"2 minutos"},"schema":{"@context":"https:\/\/schema.org","@graph":[{"@type":"WebPage","@id":"https:\/\/janhbos.com\/es\/politica-de-privacidad\/","url":"https:\/\/janhbos.com\/es\/politica-de-privacidad\/","name":"Pol\u00edtica de privacidad - Aviaci\u00f3n | Motociclismo | Viajes","isPartOf":{"@id":"https:\/\/janhbos.com\/es\/#website"},"datePublished":"2020-05-13T09:49:56+00:00","dateModified":"2020-10-09T20:57:26+00:00","breadcrumb":{"@id":"https:\/\/janhbos.com\/es\/politica-de-privacidad\/#breadcrumb"},"inLanguage":"es","potentialAction":[{"@type":"ReadAction","target":["https:\/\/janhbos.com\/es\/politica-de-privacidad\/"]}]},{"@type":"BreadcrumbList","@id":"https:\/\/janhbos.com\/es\/politica-de-privacidad\/#breadcrumb","itemListElement":[{"@type":"ListItem","position":1,"name":"Home","item":"https:\/\/janhbos.com\/es\/"},{"@type":"ListItem","position":2,"name":"Pol\u00edtica de privacidad"}]},{"@type":"WebSite","@id":"https:\/\/janhbos.com\/es\/#website","url":"https:\/\/janhbos.com\/es\/","name":"Vliegen | Motorrijden | Reizen","description":"Ac\u00e1 encuentras informaci\u00f3n sobre mis pasiones aviaci\u00f3n, motociclismo y viajes","publisher":{"@id":"https:\/\/janhbos.com\/es\/#\/schema\/person\/6cf9b88b72b671281fabada776b5f211"},"potentialAction":[{"@type":"SearchAction","target":{"@type":"EntryPoint","urlTemplate":"https:\/\/janhbos.com\/es\/?s={search_term_string}"},"query-input":{"@type":"PropertyValueSpecification","valueRequired":true,"valueName":"search_term_string"}}],"inLanguage":"es"},{"@type":["Person","Organization"],"@id":"https:\/\/janhbos.com\/es\/#\/schema\/person\/6cf9b88b72b671281fabada776b5f211","name":"Jan Bos","image":{"@type":"ImageObject","inLanguage":"es","@id":"https:\/\/janhbos.com\/wp-content\/litespeed\/avatar\/e39997fecfa7e45dc072fd58300a472f.jpg?ver=1776157489","url":"https:\/\/janhbos.com\/wp-content\/litespeed\/avatar\/e39997fecfa7e45dc072fd58300a472f.jpg?ver=1776157489","contentUrl":"https:\/\/janhbos.com\/wp-content\/litespeed\/avatar\/e39997fecfa7e45dc072fd58300a472f.jpg?ver=1776157489","caption":"Jan Bos"},"logo":{"@id":"https:\/\/janhbos.com\/wp-content\/litespeed\/avatar\/e39997fecfa7e45dc072fd58300a472f.jpg?ver=1776157489"}}]}},"_links":{"self":[{"href":"https:\/\/janhbos.com\/es\/wp-json\/wp\/v2\/pages\/2021","targetHints":{"allow":["GET"]}}],"collection":[{"href":"https:\/\/janhbos.com\/es\/wp-json\/wp\/v2\/pages"}],"about":[{"href":"https:\/\/janhbos.com\/es\/wp-json\/wp\/v2\/types\/page"}],"author":[{"embeddable":true,"href":"https:\/\/janhbos.com\/es\/wp-json\/wp\/v2\/users\/2"}],"replies":[{"embeddable":true,"href":"https:\/\/janhbos.com\/es\/wp-json\/wp\/v2\/comments?post=2021"}],"version-history":[{"count":0,"href":"https:\/\/janhbos.com\/es\/wp-json\/wp\/v2\/pages\/2021\/revisions"}],"wp:attachment":[{"href":"https:\/\/janhbos.com\/es\/wp-json\/wp\/v2\/media?parent=2021"}],"curies":[{"name":"wp","href":"https:\/\/api.w.org\/{rel}","templated":true}]}}