{"id":2168,"date":"2020-09-29T15:32:03","date_gmt":"2020-09-29T13:32:03","guid":{"rendered":"http:\/\/janhbos.com\/el-libro-de-andrea\/"},"modified":"2020-11-04T19:11:35","modified_gmt":"2020-11-04T18:11:35","slug":"el-libro-de-andrea","status":"publish","type":"page","link":"https:\/\/janhbos.com\/es\/el-libro-de-andrea\/","title":{"rendered":"El libro de Andrea"},"content":{"rendered":"\t\t<div data-elementor-type=\"wp-page\" data-elementor-id=\"2168\" class=\"elementor elementor-2168 elementor-2150\">\n\t\t\t\t\t\t<section class=\"penci-section penci-disSticky penci-structure-10 elementor-section elementor-top-section elementor-element elementor-element-9f43fed elementor-section-boxed elementor-section-height-default elementor-section-height-default\" data-id=\"9f43fed\" data-element_type=\"section\" data-e-type=\"section\">\n\t\t\t\t\t\t<div class=\"elementor-container elementor-column-gap-default\">\n\t\t\t\t\t<div class=\"penci-ercol-100 penci-ercol-order-1 penci-sticky-ct    elementor-column elementor-col-100 elementor-top-column elementor-element elementor-element-2f3f812\" data-id=\"2f3f812\" data-element_type=\"column\" data-e-type=\"column\">\n\t\t\t<div class=\"elementor-widget-wrap elementor-element-populated\">\n\t\t\t\t\t\t<div class=\"elementor-element elementor-element-ee27dab elementor-widget elementor-widget-text-editor\" data-id=\"ee27dab\" data-element_type=\"widget\" data-e-type=\"widget\" data-widget_type=\"text-editor.default\">\n\t\t\t\t<div class=\"elementor-widget-container\">\n\t\t\t\t\t\t\t\t\t<p><strong>80%<\/strong> de las personas <strong>NUNCA<\/strong> salen de su <strong>ZONA DE CONFORT<\/strong> y viven su vida en <strong>PILOTO AUTOM\u00c1TICO!<\/strong><\/p><p><strong>QUIERES<\/strong> salir de este grupo?<\/p><p><strong>QUIERES<\/strong> mejorar tu <strong>RELACI\u00d3NES<\/strong>?<\/p><p>Si tu respuesta es <strong>SI<\/strong> este <strong>LIBRO<\/strong> es <strong>PARA TI!<\/strong><\/p><p>Lee este <strong>LIBRO<\/strong> y deja que <strong>Andrea<\/strong> te explica como ella <strong>TOM\u00d3 EL CONTROL<\/strong> de <strong>su VIDA!<\/strong><\/p><p>Este <strong>LIBRO<\/strong> es <strong>PARA TI!<\/strong><\/p>\t\t\t\t\t\t\t\t<\/div>\n\t\t\t\t<\/div>\n\t\t\t\t\t<\/div>\n\t\t<\/div>\n\t\t\t\t\t<\/div>\n\t\t<\/section>\n\t\t\t\t<section class=\"penci-section penci-disSticky penci-structure-10 elementor-section elementor-top-section elementor-element elementor-element-de33b0c elementor-section-boxed elementor-section-height-default elementor-section-height-default\" data-id=\"de33b0c\" data-element_type=\"section\" data-e-type=\"section\">\n\t\t\t\t\t\t<div class=\"elementor-container elementor-column-gap-default\">\n\t\t\t\t\t<div class=\"penci-ercol-100 penci-ercol-order-1 penci-sticky-ct    elementor-column elementor-col-100 elementor-top-column elementor-element elementor-element-fa407d3\" data-id=\"fa407d3\" data-element_type=\"column\" data-e-type=\"column\">\n\t\t\t<div class=\"elementor-widget-wrap elementor-element-populated\">\n\t\t\t\t\t\t<div class=\"elementor-element elementor-element-9d28dd7 elementor-align-center elementor-widget elementor-widget-button\" data-id=\"9d28dd7\" data-element_type=\"widget\" data-e-type=\"widget\" data-widget_type=\"button.default\">\n\t\t\t\t<div class=\"elementor-widget-container\">\n\t\t\t\t\t\t\t\t\t<div class=\"elementor-button-wrapper\">\n\t\t\t\t\t<a class=\"elementor-button elementor-button-link elementor-size-lg elementor-animation-grow\" href=\"https:\/\/www.amazon.com\/gp\/product\/B01A12R2T8\/ref=as_li_tl?ie=UTF8&#038;camp=1789&#038;creative=9325&#038;creativeASIN=B01A12R2T8&#038;linkCode=as2&#038;tag=janhbos-20&#038;linkId=edcfec889ea03186a9527a915ba89995\" target=\"_blank\">\n\t\t\t\t\t\t<span class=\"elementor-button-content-wrapper\">\n\t\t\t\t\t\t\t\t\t<span class=\"elementor-button-text\">LO QUIERO!<\/span>\n\t\t\t\t\t<\/span>\n\t\t\t\t\t<\/a>\n\t\t\t\t<\/div>\n\t\t\t\t\t\t\t\t<\/div>\n\t\t\t\t<\/div>\n\t\t\t\t\t<\/div>\n\t\t<\/div>\n\t\t\t\t\t<\/div>\n\t\t<\/section>\n\t\t\t\t<section class=\"penci-section penci-disSticky penci-structure-10 elementor-section elementor-top-section elementor-element elementor-element-ecdb957 elementor-section-boxed elementor-section-height-default elementor-section-height-default\" data-id=\"ecdb957\" data-element_type=\"section\" data-e-type=\"section\">\n\t\t\t\t\t\t<div class=\"elementor-container elementor-column-gap-default\">\n\t\t\t\t\t<div class=\"penci-ercol-100 penci-ercol-order-1 penci-sticky-ct    elementor-column elementor-col-100 elementor-top-column elementor-element elementor-element-7f0eba4\" data-id=\"7f0eba4\" data-element_type=\"column\" data-e-type=\"column\">\n\t\t\t<div class=\"elementor-widget-wrap elementor-element-populated\">\n\t\t\t\t\t\t<div class=\"elementor-element elementor-element-6f5151f elementor-widget elementor-widget-text-editor\" data-id=\"6f5151f\" data-element_type=\"widget\" data-e-type=\"widget\" data-widget_type=\"text-editor.default\">\n\t\t\t\t<div class=\"elementor-widget-container\">\n\t\t\t\t\t\t\t\t\t<p>(anuncio)<\/p>\t\t\t\t\t\t\t\t<\/div>\n\t\t\t\t<\/div>\n\t\t\t\t\t<\/div>\n\t\t<\/div>\n\t\t\t\t\t<\/div>\n\t\t<\/section>\n\t\t\t\t<section class=\"penci-section penci-disSticky penci-structure-10 elementor-section elementor-top-section elementor-element elementor-element-9bcecb8 elementor-section-boxed elementor-section-height-default elementor-section-height-default\" data-id=\"9bcecb8\" data-element_type=\"section\" data-e-type=\"section\">\n\t\t\t\t\t\t<div class=\"elementor-container elementor-column-gap-default\">\n\t\t\t\t\t<div class=\"penci-ercol-100 penci-ercol-order-1 penci-sticky-ct    elementor-column elementor-col-100 elementor-top-column elementor-element elementor-element-1100e90\" data-id=\"1100e90\" data-element_type=\"column\" data-e-type=\"column\">\n\t\t\t<div class=\"elementor-widget-wrap elementor-element-populated\">\n\t\t\t\t\t\t<div class=\"elementor-element elementor-element-f2e610f elementor-widget elementor-widget-image\" data-id=\"f2e610f\" data-element_type=\"widget\" data-e-type=\"widget\" data-widget_type=\"image.default\">\n\t\t\t\t<div class=\"elementor-widget-container\">\n\t\t\t\t\t\t\t\t\t\t\t\t\t\t\t<img fetchpriority=\"high\" decoding=\"async\" width=\"768\" height=\"1226\" src=\"https:\/\/janhbos.com\/wp-content\/uploads\/2020\/09\/Portada-de-Libro-Tipografi\u0301a-Brillante-Moderno-Verde-Azulado-768x1226.jpg\" class=\"attachment-medium_large size-medium_large wp-image-2175\" alt=\"Portada de Libro\" srcset=\"https:\/\/janhbos.com\/wp-content\/uploads\/2020\/09\/Portada-de-Libro-Tipografi\u0301a-Brillante-Moderno-Verde-Azulado-768x1226.jpg 768w, https:\/\/janhbos.com\/wp-content\/uploads\/2020\/09\/Portada-de-Libro-Tipografi\u0301a-Brillante-Moderno-Verde-Azulado-188x300.jpg 188w, https:\/\/janhbos.com\/wp-content\/uploads\/2020\/09\/Portada-de-Libro-Tipografi\u0301a-Brillante-Moderno-Verde-Azulado-642x1024.jpg 642w, https:\/\/janhbos.com\/wp-content\/uploads\/2020\/09\/Portada-de-Libro-Tipografi\u0301a-Brillante-Moderno-Verde-Azulado-963x1536.jpg 963w, https:\/\/janhbos.com\/wp-content\/uploads\/2020\/09\/Portada-de-Libro-Tipografi\u0301a-Brillante-Moderno-Verde-Azulado-1283x2048.jpg 1283w, https:\/\/janhbos.com\/wp-content\/uploads\/2020\/09\/Portada-de-Libro-Tipografi\u0301a-Brillante-Moderno-Verde-Azulado-1170x1867.jpg 1170w, https:\/\/janhbos.com\/wp-content\/uploads\/2020\/09\/Portada-de-Libro-Tipografi\u0301a-Brillante-Moderno-Verde-Azulado-585x934.jpg 585w, https:\/\/janhbos.com\/wp-content\/uploads\/2020\/09\/Portada-de-Libro-Tipografi\u0301a-Brillante-Moderno-Verde-Azulado.jpg 1410w\" sizes=\"(max-width: 768px) 100vw, 768px\" \/>\t\t\t\t\t\t\t\t\t\t\t\t\t\t\t<\/div>\n\t\t\t\t<\/div>\n\t\t\t\t\t<\/div>\n\t\t<\/div>\n\t\t\t\t\t<\/div>\n\t\t<\/section>\n\t\t\t\t<section class=\"penci-section penci-disSticky penci-structure-10 elementor-section elementor-top-section elementor-element elementor-element-0d71f66 elementor-section-boxed elementor-section-height-default elementor-section-height-default\" data-id=\"0d71f66\" data-element_type=\"section\" data-e-type=\"section\">\n\t\t\t\t\t\t<div class=\"elementor-container elementor-column-gap-default\">\n\t\t\t\t\t<div class=\"penci-ercol-100 penci-ercol-order-1 penci-sticky-ct    elementor-column elementor-col-100 elementor-top-column elementor-element elementor-element-95ee4e7\" data-id=\"95ee4e7\" data-element_type=\"column\" data-e-type=\"column\">\n\t\t\t<div class=\"elementor-widget-wrap elementor-element-populated\">\n\t\t\t\t\t\t<div class=\"elementor-element elementor-element-2722757 elementor-widget elementor-widget-spacer\" data-id=\"2722757\" data-element_type=\"widget\" data-e-type=\"widget\" data-widget_type=\"spacer.default\">\n\t\t\t\t<div class=\"elementor-widget-container\">\n\t\t\t\t\t\t\t<div class=\"elementor-spacer\">\n\t\t\t<div class=\"elementor-spacer-inner\"><\/div>\n\t\t<\/div>\n\t\t\t\t\t\t<\/div>\n\t\t\t\t<\/div>\n\t\t\t\t\t<\/div>\n\t\t<\/div>\n\t\t\t\t\t<\/div>\n\t\t<\/section>\n\t\t\t\t<section class=\"penci-section penci-disSticky penci-structure-10 elementor-section elementor-top-section elementor-element elementor-element-b37a070 elementor-section-boxed elementor-section-height-default elementor-section-height-default\" data-id=\"b37a070\" data-element_type=\"section\" data-e-type=\"section\">\n\t\t\t\t\t\t<div class=\"elementor-container elementor-column-gap-default\">\n\t\t\t\t\t<div class=\"penci-ercol-100 penci-ercol-order-1 penci-sticky-ct    elementor-column elementor-col-100 elementor-top-column elementor-element elementor-element-fb2fdfc\" data-id=\"fb2fdfc\" data-element_type=\"column\" data-e-type=\"column\">\n\t\t\t<div class=\"elementor-widget-wrap elementor-element-populated\">\n\t\t\t\t\t\t<div class=\"elementor-element elementor-element-8e17978 elementor-widget elementor-widget-text-editor\" data-id=\"8e17978\" data-element_type=\"widget\" data-e-type=\"widget\" data-widget_type=\"text-editor.default\">\n\t\t\t\t<div class=\"elementor-widget-container\">\n\t\t\t\t\t\t\t\t\t<p class=\"p1\">Aprende de todo cuando entiendes que la resiliencia es la mejor manera de tomar el control de tu vida. Deja de ser v\u00edctima, deja de culpar a los dem\u00e1s por tus fracasos. Saber que salir de su zona de confort es lo mejor que te puede pasar &#8230;<\/p>\t\t\t\t\t\t\t\t<\/div>\n\t\t\t\t<\/div>\n\t\t\t\t\t<\/div>\n\t\t<\/div>\n\t\t\t\t\t<\/div>\n\t\t<\/section>\n\t\t\t\t<section class=\"penci-section penci-disSticky penci-structure-10 elementor-section elementor-top-section elementor-element elementor-element-8b0c826 elementor-section-boxed elementor-section-height-default elementor-section-height-default\" data-id=\"8b0c826\" data-element_type=\"section\" data-e-type=\"section\">\n\t\t\t\t\t\t<div class=\"elementor-container elementor-column-gap-default\">\n\t\t\t\t\t<div class=\"penci-ercol-100 penci-ercol-order-1 penci-sticky-ct    elementor-column elementor-col-100 elementor-top-column elementor-element elementor-element-9ad3baa\" data-id=\"9ad3baa\" data-element_type=\"column\" data-e-type=\"column\">\n\t\t\t<div class=\"elementor-widget-wrap elementor-element-populated\">\n\t\t\t\t\t\t<div class=\"elementor-element elementor-element-80ccbb2 elementor-widget elementor-widget-text-editor\" data-id=\"80ccbb2\" data-element_type=\"widget\" data-e-type=\"widget\" data-widget_type=\"text-editor.default\">\n\t\t\t\t<div class=\"elementor-widget-container\">\n\t\t\t\t\t\t\t\t\t<p>Cinco a\u00f1os despu\u00e9s de la versi\u00f3n en espa\u00f1ol, ahora la versi\u00f3n en ingl\u00e9s tambi\u00e9n est\u00e1 disponible en la Amazon Kindle Store. Para celebrar eso bajamos el precio:<\/p><p><strong>SOLO\u00a0 $9.99 <\/strong><\/p>\t\t\t\t\t\t\t\t<\/div>\n\t\t\t\t<\/div>\n\t\t\t\t\t<\/div>\n\t\t<\/div>\n\t\t\t\t\t<\/div>\n\t\t<\/section>\n\t\t\t\t<section class=\"penci-section penci-disSticky penci-structure-10 elementor-section elementor-top-section elementor-element elementor-element-a52369d elementor-section-boxed elementor-section-height-default elementor-section-height-default\" data-id=\"a52369d\" data-element_type=\"section\" data-e-type=\"section\">\n\t\t\t\t\t\t<div class=\"elementor-container elementor-column-gap-default\">\n\t\t\t\t\t<div class=\"penci-ercol-100 penci-ercol-order-1 penci-sticky-ct    elementor-column elementor-col-100 elementor-top-column elementor-element elementor-element-7536cc8\" data-id=\"7536cc8\" data-element_type=\"column\" data-e-type=\"column\">\n\t\t\t<div class=\"elementor-widget-wrap elementor-element-populated\">\n\t\t\t\t\t\t<div class=\"elementor-element elementor-element-d540420 elementor-align-center elementor-widget elementor-widget-button\" data-id=\"d540420\" data-element_type=\"widget\" data-e-type=\"widget\" data-widget_type=\"button.default\">\n\t\t\t\t<div class=\"elementor-widget-container\">\n\t\t\t\t\t\t\t\t\t<div class=\"elementor-button-wrapper\">\n\t\t\t\t\t<a class=\"elementor-button elementor-button-link elementor-size-lg elementor-animation-grow\" href=\"https:\/\/www.amazon.com\/gp\/product\/B01A12R2T8\/ref=as_li_tl?ie=UTF8&#038;camp=1789&#038;creative=9325&#038;creativeASIN=B01A12R2T8&#038;linkCode=as2&#038;tag=janhbos-20&#038;linkId=edcfec889ea03186a9527a915ba89995\" target=\"_blank\">\n\t\t\t\t\t\t<span class=\"elementor-button-content-wrapper\">\n\t\t\t\t\t\t\t\t\t<span class=\"elementor-button-text\">LO QUIERO!<\/span>\n\t\t\t\t\t<\/span>\n\t\t\t\t\t<\/a>\n\t\t\t\t<\/div>\n\t\t\t\t\t\t\t\t<\/div>\n\t\t\t\t<\/div>\n\t\t\t\t\t<\/div>\n\t\t<\/div>\n\t\t\t\t\t<\/div>\n\t\t<\/section>\n\t\t\t\t<section class=\"penci-section penci-disSticky penci-structure-10 elementor-section elementor-top-section elementor-element elementor-element-160e115 elementor-section-boxed elementor-section-height-default elementor-section-height-default\" data-id=\"160e115\" data-element_type=\"section\" data-e-type=\"section\">\n\t\t\t\t\t\t<div class=\"elementor-container elementor-column-gap-default\">\n\t\t\t\t\t<div class=\"penci-ercol-100 penci-ercol-order-1 penci-sticky-ct    elementor-column elementor-col-100 elementor-top-column elementor-element elementor-element-7c356a2\" data-id=\"7c356a2\" data-element_type=\"column\" data-e-type=\"column\">\n\t\t\t<div class=\"elementor-widget-wrap elementor-element-populated\">\n\t\t\t\t\t\t<div class=\"elementor-element elementor-element-9a1423e elementor-widget elementor-widget-text-editor\" data-id=\"9a1423e\" data-element_type=\"widget\" data-e-type=\"widget\" data-widget_type=\"text-editor.default\">\n\t\t\t\t<div class=\"elementor-widget-container\">\n\t\t\t\t\t\t\t\t\t<p>(anuncio)<\/p>\t\t\t\t\t\t\t\t<\/div>\n\t\t\t\t<\/div>\n\t\t\t\t\t<\/div>\n\t\t<\/div>\n\t\t\t\t\t<\/div>\n\t\t<\/section>\n\t\t\t\t<\/div>\n\t\t","protected":false},"excerpt":{"rendered":"<p>80% de las personas NUNCA salen de su ZONA DE CONFORT y viven su vida en PILOTO AUTOM\u00c1TICO! QUIERES salir de este grupo? QUIERES mejorar tu RELACI\u00d3NES? Si tu respuesta&hellip;<\/p>\n","protected":false},"author":2,"featured_media":0,"parent":0,"menu_order":0,"comment_status":"closed","ping_status":"closed","template":"","meta":{"_lmt_disableupdate":"","_lmt_disable":"","footnotes":""},"class_list":["post-2168","page","type-page","status-publish","hentry"],"yoast_head":"<!-- This site is optimized with the Yoast SEO plugin v27.4 - https:\/\/yoast.com\/product\/yoast-seo-wordpress\/ -->\n<title>El libro de Andrea - Aviaci\u00f3n | Motociclismo | Viajes<\/title>\n<meta name=\"robots\" content=\"index, follow, max-snippet:-1, max-image-preview:large, max-video-preview:-1\" \/>\n<link rel=\"canonical\" href=\"https:\/\/janhbos.com\/es\/el-libro-de-andrea\/\" \/>\n<meta property=\"og:locale\" content=\"es_ES\" \/>\n<meta property=\"og:type\" content=\"article\" \/>\n<meta property=\"og:title\" content=\"El libro de Andrea - Aviaci\u00f3n | Motociclismo | Viajes\" \/>\n<meta property=\"og:description\" content=\"80% de las personas NUNCA salen de su ZONA DE CONFORT y viven su vida en PILOTO AUTOM\u00c1TICO! QUIERES salir de este grupo? QUIERES mejorar tu RELACI\u00d3NES? Si tu respuesta&hellip;\" \/>\n<meta property=\"og:url\" content=\"https:\/\/janhbos.com\/es\/el-libro-de-andrea\/\" \/>\n<meta property=\"og:site_name\" content=\"Aviaci\u00f3n | Motociclismo | Viajes\" \/>\n<meta property=\"article:modified_time\" content=\"2020-11-04T18:11:35+00:00\" \/>\n<meta name=\"twitter:card\" content=\"summary_large_image\" \/>\n<meta name=\"twitter:label1\" content=\"Tiempo de lectura\" \/>\n\t<meta name=\"twitter:data1\" content=\"1 minuto\" \/>\n<script type=\"application\/ld+json\" class=\"yoast-schema-graph\">{\"@context\":\"https:\\\/\\\/schema.org\",\"@graph\":[{\"@type\":\"WebPage\",\"@id\":\"https:\\\/\\\/janhbos.com\\\/es\\\/el-libro-de-andrea\\\/\",\"url\":\"https:\\\/\\\/janhbos.com\\\/es\\\/el-libro-de-andrea\\\/\",\"name\":\"El libro de Andrea - Aviaci\u00f3n | Motociclismo | Viajes\",\"isPartOf\":{\"@id\":\"https:\\\/\\\/janhbos.com\\\/es\\\/#website\"},\"datePublished\":\"2020-09-29T13:32:03+00:00\",\"dateModified\":\"2020-11-04T18:11:35+00:00\",\"breadcrumb\":{\"@id\":\"https:\\\/\\\/janhbos.com\\\/es\\\/el-libro-de-andrea\\\/#breadcrumb\"},\"inLanguage\":\"es\",\"potentialAction\":[{\"@type\":\"ReadAction\",\"target\":[\"https:\\\/\\\/janhbos.com\\\/es\\\/el-libro-de-andrea\\\/\"]}]},{\"@type\":\"BreadcrumbList\",\"@id\":\"https:\\\/\\\/janhbos.com\\\/es\\\/el-libro-de-andrea\\\/#breadcrumb\",\"itemListElement\":[{\"@type\":\"ListItem\",\"position\":1,\"name\":\"Home\",\"item\":\"https:\\\/\\\/janhbos.com\\\/es\\\/\"},{\"@type\":\"ListItem\",\"position\":2,\"name\":\"El libro de Andrea\"}]},{\"@type\":\"WebSite\",\"@id\":\"https:\\\/\\\/janhbos.com\\\/es\\\/#website\",\"url\":\"https:\\\/\\\/janhbos.com\\\/es\\\/\",\"name\":\"Vliegen | Motorrijden | Reizen\",\"description\":\"Ac\u00e1 encuentras informaci\u00f3n sobre mis pasiones aviaci\u00f3n, motociclismo y viajes\",\"publisher\":{\"@id\":\"https:\\\/\\\/janhbos.com\\\/es\\\/#\\\/schema\\\/person\\\/6cf9b88b72b671281fabada776b5f211\"},\"potentialAction\":[{\"@type\":\"SearchAction\",\"target\":{\"@type\":\"EntryPoint\",\"urlTemplate\":\"https:\\\/\\\/janhbos.com\\\/es\\\/?s={search_term_string}\"},\"query-input\":{\"@type\":\"PropertyValueSpecification\",\"valueRequired\":true,\"valueName\":\"search_term_string\"}}],\"inLanguage\":\"es\"},{\"@type\":[\"Person\",\"Organization\"],\"@id\":\"https:\\\/\\\/janhbos.com\\\/es\\\/#\\\/schema\\\/person\\\/6cf9b88b72b671281fabada776b5f211\",\"name\":\"Jan Bos\",\"image\":{\"@type\":\"ImageObject\",\"inLanguage\":\"es\",\"@id\":\"https:\\\/\\\/janhbos.com\\\/wp-content\\\/litespeed\\\/avatar\\\/e39997fecfa7e45dc072fd58300a472f.jpg?ver=1776157489\",\"url\":\"https:\\\/\\\/janhbos.com\\\/wp-content\\\/litespeed\\\/avatar\\\/e39997fecfa7e45dc072fd58300a472f.jpg?ver=1776157489\",\"contentUrl\":\"https:\\\/\\\/janhbos.com\\\/wp-content\\\/litespeed\\\/avatar\\\/e39997fecfa7e45dc072fd58300a472f.jpg?ver=1776157489\",\"caption\":\"Jan Bos\"},\"logo\":{\"@id\":\"https:\\\/\\\/janhbos.com\\\/wp-content\\\/litespeed\\\/avatar\\\/e39997fecfa7e45dc072fd58300a472f.jpg?ver=1776157489\"}}]}<\/script>\n<!-- \/ Yoast SEO plugin. -->","yoast_head_json":{"title":"El libro de Andrea - Aviaci\u00f3n | Motociclismo | Viajes","robots":{"index":"index","follow":"follow","max-snippet":"max-snippet:-1","max-image-preview":"max-image-preview:large","max-video-preview":"max-video-preview:-1"},"canonical":"https:\/\/janhbos.com\/es\/el-libro-de-andrea\/","og_locale":"es_ES","og_type":"article","og_title":"El libro de Andrea - Aviaci\u00f3n | Motociclismo | Viajes","og_description":"80% de las personas NUNCA salen de su ZONA DE CONFORT y viven su vida en PILOTO AUTOM\u00c1TICO! QUIERES salir de este grupo? QUIERES mejorar tu RELACI\u00d3NES? Si tu respuesta&hellip;","og_url":"https:\/\/janhbos.com\/es\/el-libro-de-andrea\/","og_site_name":"Aviaci\u00f3n | Motociclismo | Viajes","article_modified_time":"2020-11-04T18:11:35+00:00","twitter_card":"summary_large_image","twitter_misc":{"Tiempo de lectura":"1 minuto"},"schema":{"@context":"https:\/\/schema.org","@graph":[{"@type":"WebPage","@id":"https:\/\/janhbos.com\/es\/el-libro-de-andrea\/","url":"https:\/\/janhbos.com\/es\/el-libro-de-andrea\/","name":"El libro de Andrea - Aviaci\u00f3n | Motociclismo | Viajes","isPartOf":{"@id":"https:\/\/janhbos.com\/es\/#website"},"datePublished":"2020-09-29T13:32:03+00:00","dateModified":"2020-11-04T18:11:35+00:00","breadcrumb":{"@id":"https:\/\/janhbos.com\/es\/el-libro-de-andrea\/#breadcrumb"},"inLanguage":"es","potentialAction":[{"@type":"ReadAction","target":["https:\/\/janhbos.com\/es\/el-libro-de-andrea\/"]}]},{"@type":"BreadcrumbList","@id":"https:\/\/janhbos.com\/es\/el-libro-de-andrea\/#breadcrumb","itemListElement":[{"@type":"ListItem","position":1,"name":"Home","item":"https:\/\/janhbos.com\/es\/"},{"@type":"ListItem","position":2,"name":"El libro de Andrea"}]},{"@type":"WebSite","@id":"https:\/\/janhbos.com\/es\/#website","url":"https:\/\/janhbos.com\/es\/","name":"Vliegen | Motorrijden | Reizen","description":"Ac\u00e1 encuentras informaci\u00f3n sobre mis pasiones aviaci\u00f3n, motociclismo y viajes","publisher":{"@id":"https:\/\/janhbos.com\/es\/#\/schema\/person\/6cf9b88b72b671281fabada776b5f211"},"potentialAction":[{"@type":"SearchAction","target":{"@type":"EntryPoint","urlTemplate":"https:\/\/janhbos.com\/es\/?s={search_term_string}"},"query-input":{"@type":"PropertyValueSpecification","valueRequired":true,"valueName":"search_term_string"}}],"inLanguage":"es"},{"@type":["Person","Organization"],"@id":"https:\/\/janhbos.com\/es\/#\/schema\/person\/6cf9b88b72b671281fabada776b5f211","name":"Jan Bos","image":{"@type":"ImageObject","inLanguage":"es","@id":"https:\/\/janhbos.com\/wp-content\/litespeed\/avatar\/e39997fecfa7e45dc072fd58300a472f.jpg?ver=1776157489","url":"https:\/\/janhbos.com\/wp-content\/litespeed\/avatar\/e39997fecfa7e45dc072fd58300a472f.jpg?ver=1776157489","contentUrl":"https:\/\/janhbos.com\/wp-content\/litespeed\/avatar\/e39997fecfa7e45dc072fd58300a472f.jpg?ver=1776157489","caption":"Jan Bos"},"logo":{"@id":"https:\/\/janhbos.com\/wp-content\/litespeed\/avatar\/e39997fecfa7e45dc072fd58300a472f.jpg?ver=1776157489"}}]}},"_links":{"self":[{"href":"https:\/\/janhbos.com\/es\/wp-json\/wp\/v2\/pages\/2168","targetHints":{"allow":["GET"]}}],"collection":[{"href":"https:\/\/janhbos.com\/es\/wp-json\/wp\/v2\/pages"}],"about":[{"href":"https:\/\/janhbos.com\/es\/wp-json\/wp\/v2\/types\/page"}],"author":[{"embeddable":true,"href":"https:\/\/janhbos.com\/es\/wp-json\/wp\/v2\/users\/2"}],"replies":[{"embeddable":true,"href":"https:\/\/janhbos.com\/es\/wp-json\/wp\/v2\/comments?post=2168"}],"version-history":[{"count":0,"href":"https:\/\/janhbos.com\/es\/wp-json\/wp\/v2\/pages\/2168\/revisions"}],"wp:attachment":[{"href":"https:\/\/janhbos.com\/es\/wp-json\/wp\/v2\/media?parent=2168"}],"curies":[{"name":"wp","href":"https:\/\/api.w.org\/{rel}","templated":true}]}}